{"id":1855,"date":"2024-11-14T16:57:07","date_gmt":"2024-11-14T16:57:07","guid":{"rendered":"https:\/\/kubicpanama.com\/?page_id=1855"},"modified":"2025-03-06T16:54:16","modified_gmt":"2025-03-06T16:54:16","slug":"asesoria","status":"publish","type":"page","link":"https:\/\/kubicpanama.com\/servicios\/asesoria\/","title":{"rendered":"Asesor\u00eda"},"content":{"rendered":"<div class=\"wpb-content-wrapper\"><p>[vc_row type=\u00bbvc_default\u00bb css=\u00bb.vc_custom_1474268037787{margin-bottom: -30px !important;padding-bottom: 30px !important;}\u00bb][vc_column offset=\u00bbvc_col-lg-12 vc_col-md-12 vc_col-xs-12&#8243;]<style type=\"text\/css\" data-type=\"the7_shortcodes-inline-css\">.shortcode-single-image-wrap.shortcode-single-image-2a1fa52beb0878d42d739e98569a1ac2.enable-bg-rollover .rollover i,\n.shortcode-single-image-wrap.shortcode-single-image-2a1fa52beb0878d42d739e98569a1ac2.enable-bg-rollover .rollover-video i {\n  background: -webkit-linear-gradient();\n  background: linear-gradient();\n}\n.shortcode-single-image-wrap.shortcode-single-image-2a1fa52beb0878d42d739e98569a1ac2 .rollover-icon {\n  font-size: 32px;\n  color: #ffffff;\n  min-width: 44px;\n  min-height: 44px;\n  line-height: 44px;\n  border-radius: 100px;\n  border-style: solid;\n  border-width: 0px;\n}\n.dt-icon-bg-on.shortcode-single-image-wrap.shortcode-single-image-2a1fa52beb0878d42d739e98569a1ac2 .rollover-icon {\n  background: rgba(255,255,255,0.3);\n  box-shadow: none;\n}\n<\/style><div class=\"shortcode-single-image-wrap shortcode-single-image-2a1fa52beb0878d42d739e98569a1ac2 alignnone  vc_custom_1741280051409 enable-bg-rollover dt-icon-bg-off\" ><div class=\"shortcode-single-image\"><div class=\"fancy-media-wrap  layzr-bg\" style=\"\"><img fetchpriority=\"high\" decoding=\"async\" class=\"preload-me lazy-load aspect\" src=\"data:image\/svg+xml,%3Csvg%20xmlns%3D&#39;http%3A%2F%2Fwww.w3.org%2F2000%2Fsvg&#39;%20viewBox%3D&#39;0%200%201000%20500&#39;%2F%3E\" data-src=\"https:\/\/kubicpanama.com\/wp-content\/uploads\/2025\/03\/Fotografi\u0301a-a-Retoque-1000x500.jpg\" data-srcset=\"https:\/\/kubicpanama.com\/wp-content\/uploads\/2025\/03\/Fotografi\u0301a-a-Retoque-1000x500.jpg 1000w, https:\/\/kubicpanama.com\/wp-content\/uploads\/2025\/03\/Fotografi\u0301a-a-Retoque-1080x540.jpg 1080w\" loading=\"eager\" sizes=\"(max-width: 1000px) 100vw, 1000px\" width=\"1000\" height=\"500\"  data-dt-location=\"https:\/\/kubicpanama.com\/servicios\/asesoria\/fotografia-a-retoque\/\" style=\"--ratio: 1000 \/ 500;\" alt=\"\" \/><\/div><\/div><\/div><div id=\"ultimate-heading-599869f48c8083e4f\" class=\"uvc-heading ult-adjust-bottom-margin ultimate-heading-599869f48c8083e4f uvc-1699 accent-border-color\" data-hspacer=\"line_only\"  data-halign=\"left\" style=\"text-align:left\"><div class=\"uvc-main-heading ult-responsive\"  data-ultimate-target='.uvc-heading.ultimate-heading-599869f48c8083e4f h2'  data-responsive-json-new='{\"font-size\":\"desktop:26px;\",\"line-height\":\"desktop:36px;\"}' ><h2 style=\"font-weight:bold;\">Asesor\u00eda<\/h2><\/div><div class=\"uvc-heading-spacer line_only\" style=\"margin-top:15px;margin-bottom:30px;height:4px;\"><span class=\"uvc-headings-line\" style=\"border-style:solid;border-bottom-width:4px;border-color:;width:50px;\"><\/span><\/div><\/div>[vc_column_text css=\u00bb.vc_custom_1731603415718{padding-bottom: 10px !important;}\u00bb]En Kubic Panam\u00e1, sabemos que cada proyecto es \u00fanico y demanda soluciones personalizadas para alcanzar sus metas. Por eso, ofrecemos un servicio de asesor\u00eda especializada completamente adaptado a las necesidades espec\u00edficas de cada cliente. Nuestro equipo de expertos en soluciones industriales colabora estrechamente con usted, analizando en profundidad sus requerimientos y proponiendo las mejores opciones para optimizar sus operaciones.<\/p>\n<p>Nuestra asesor\u00eda comienza con una evaluaci\u00f3n exhaustiva del proyecto y sigue con un plan de acci\u00f3n claro, adaptado a su presupuesto, tiempos u objetivos comerciales. Nos enfocamos en proporcionar recomendaciones precisas, adem\u00e1s de soluciones innovadoras para maximizar la eficiencia, seguridad y rendimiento de su instalaci\u00f3n o proceso.[\/vc_column_text][\/vc_column][\/vc_row][vc_row type=\u00bbvc_default\u00bb css=\u00bb.vc_custom_1474268037787{margin-bottom: -30px !important;padding-bottom: 30px !important;}\u00bb][vc_column offset=\u00bbvc_col-lg-12 vc_col-md-12 vc_col-xs-12&#8243;]<style type=\"text\/css\" data-type=\"the7_shortcodes-inline-css\">#default-btn-be6a41c0cb910862f74205afcecce904.ico-right-side > i {\n  margin-right: 0px;\n  margin-left: 8px;\n}\n#default-btn-be6a41c0cb910862f74205afcecce904 > i {\n  margin-right: 8px;\n}\n<\/style><a href=\"https:\/\/kubicpanama.com\/index.php\/contacto\/\" class=\"default-btn-shortcode dt-btn dt-btn-m link-hover-off btn-inline-left  vc_custom_1731526323614\" id=\"default-btn-be6a41c0cb910862f74205afcecce904\" title=\"Contacto\"><span>SOLICITA UNA COTIZACI\u00d3N<\/span><\/a>[\/vc_column][\/vc_row]<\/p>\n<\/div>","protected":false},"excerpt":{"rendered":"<p>[vc_row type=\u00bbvc_default\u00bb css=\u00bb.vc_custom_1474268037787{margin-bottom: -30px !important;padding-bottom: 30px !important;}\u00bb][vc_column offset=\u00bbvc_col-lg-12 vc_col-md-12 vc_col-xs-12&#8243;][vc_column_text css=\u00bb.vc_custom_1731603415718{padding-bottom: 10px !important;}\u00bb]En Kubic Panam\u00e1, sabemos que cada proyecto es \u00fanico y demanda soluciones personalizadas para alcanzar sus metas. Por eso, ofrecemos un servicio de asesor\u00eda especializada completamente adaptado a las necesidades espec\u00edficas de cada cliente. Nuestro equipo de expertos en soluciones industriales colabora estrechamente&hellip;<\/p>\n","protected":false},"author":5,"featured_media":0,"parent":1791,"menu_order":0,"comment_status":"closed","ping_status":"closed","template":"","meta":{"_joinchat":[],"footnotes":""},"class_list":["post-1855","page","type-page","status-publish","hentry","description-off"],"yoast_head":"<!-- This site is optimized with the Yoast SEO plugin v27.5 - https:\/\/yoast.com\/product\/yoast-seo-wordpress\/ -->\n<title>Asesor\u00eda - Kubic<\/title>\n<meta name=\"robots\" content=\"index, follow, max-snippet:-1, max-image-preview:large, max-video-preview:-1\" \/>\n<link rel=\"canonical\" href=\"https:\/\/kubicpanama.com\/servicios\/asesoria\/\" \/>\n<meta property=\"og:locale\" content=\"es_ES\" \/>\n<meta property=\"og:type\" content=\"article\" \/>\n<meta property=\"og:title\" content=\"Asesor\u00eda - Kubic\" \/>\n<meta property=\"og:description\" content=\"[vc_row type=\u00bbvc_default\u00bb css=\u00bb.vc_custom_1474268037787{margin-bottom: -30px !important;padding-bottom: 30px !important;}\u00bb][vc_column offset=\u00bbvc_col-lg-12 vc_col-md-12 vc_col-xs-12&#8243;][vc_column_text css=\u00bb.vc_custom_1731603415718{padding-bottom: 10px !important;}\u00bb]En Kubic Panam\u00e1, sabemos que cada proyecto es \u00fanico y demanda soluciones personalizadas para alcanzar sus metas. Por eso, ofrecemos un servicio de asesor\u00eda especializada completamente adaptado a las necesidades espec\u00edficas de cada cliente. Nuestro equipo de expertos en soluciones industriales colabora estrechamente&hellip;\" \/>\n<meta property=\"og:url\" content=\"https:\/\/kubicpanama.com\/servicios\/asesoria\/\" \/>\n<meta property=\"og:site_name\" content=\"Kubic\" \/>\n<meta property=\"article:modified_time\" content=\"2025-03-06T16:54:16+00:00\" \/>\n<meta name=\"twitter:card\" content=\"summary_large_image\" \/>\n<meta name=\"twitter:label1\" content=\"Tiempo estimado de lectura\" \/>\n\t<meta name=\"twitter:data1\" content=\"1 minuto\" \/>\n<script type=\"application\/ld+json\" class=\"yoast-schema-graph\">{\"@context\":\"https:\\\/\\\/schema.org\",\"@graph\":[{\"@type\":\"WebPage\",\"@id\":\"https:\\\/\\\/kubicpanama.com\\\/servicios\\\/asesoria\\\/\",\"url\":\"https:\\\/\\\/kubicpanama.com\\\/servicios\\\/asesoria\\\/\",\"name\":\"Asesor\u00eda - Kubic\",\"isPartOf\":{\"@id\":\"https:\\\/\\\/kubicpanama.com\\\/#website\"},\"datePublished\":\"2024-11-14T16:57:07+00:00\",\"dateModified\":\"2025-03-06T16:54:16+00:00\",\"breadcrumb\":{\"@id\":\"https:\\\/\\\/kubicpanama.com\\\/servicios\\\/asesoria\\\/#breadcrumb\"},\"inLanguage\":\"es\",\"potentialAction\":[{\"@type\":\"ReadAction\",\"target\":[\"https:\\\/\\\/kubicpanama.com\\\/servicios\\\/asesoria\\\/\"]}]},{\"@type\":\"BreadcrumbList\",\"@id\":\"https:\\\/\\\/kubicpanama.com\\\/servicios\\\/asesoria\\\/#breadcrumb\",\"itemListElement\":[{\"@type\":\"ListItem\",\"position\":1,\"name\":\"Portada\",\"item\":\"https:\\\/\\\/kubicpanama.com\\\/\"},{\"@type\":\"ListItem\",\"position\":2,\"name\":\"Servicios\",\"item\":\"https:\\\/\\\/kubicpanama.com\\\/servicios\\\/\"},{\"@type\":\"ListItem\",\"position\":3,\"name\":\"Asesor\u00eda\"}]},{\"@type\":\"WebSite\",\"@id\":\"https:\\\/\\\/kubicpanama.com\\\/#website\",\"url\":\"https:\\\/\\\/kubicpanama.com\\\/\",\"name\":\"Kubic\",\"description\":\"\",\"potentialAction\":[{\"@type\":\"SearchAction\",\"target\":{\"@type\":\"EntryPoint\",\"urlTemplate\":\"https:\\\/\\\/kubicpanama.com\\\/?s={search_term_string}\"},\"query-input\":{\"@type\":\"PropertyValueSpecification\",\"valueRequired\":true,\"valueName\":\"search_term_string\"}}],\"inLanguage\":\"es\"}]}<\/script>\n<!-- \/ Yoast SEO plugin. -->","yoast_head_json":{"title":"Asesor\u00eda - Kubic","robots":{"index":"index","follow":"follow","max-snippet":"max-snippet:-1","max-image-preview":"max-image-preview:large","max-video-preview":"max-video-preview:-1"},"canonical":"https:\/\/kubicpanama.com\/servicios\/asesoria\/","og_locale":"es_ES","og_type":"article","og_title":"Asesor\u00eda - Kubic","og_description":"[vc_row type=\u00bbvc_default\u00bb css=\u00bb.vc_custom_1474268037787{margin-bottom: -30px !important;padding-bottom: 30px !important;}\u00bb][vc_column offset=\u00bbvc_col-lg-12 vc_col-md-12 vc_col-xs-12&#8243;][vc_column_text css=\u00bb.vc_custom_1731603415718{padding-bottom: 10px !important;}\u00bb]En Kubic Panam\u00e1, sabemos que cada proyecto es \u00fanico y demanda soluciones personalizadas para alcanzar sus metas. Por eso, ofrecemos un servicio de asesor\u00eda especializada completamente adaptado a las necesidades espec\u00edficas de cada cliente. Nuestro equipo de expertos en soluciones industriales colabora estrechamente&hellip;","og_url":"https:\/\/kubicpanama.com\/servicios\/asesoria\/","og_site_name":"Kubic","article_modified_time":"2025-03-06T16:54:16+00:00","twitter_card":"summary_large_image","twitter_misc":{"Tiempo estimado de lectura":"1 minuto"},"schema":{"@context":"https:\/\/schema.org","@graph":[{"@type":"WebPage","@id":"https:\/\/kubicpanama.com\/servicios\/asesoria\/","url":"https:\/\/kubicpanama.com\/servicios\/asesoria\/","name":"Asesor\u00eda - Kubic","isPartOf":{"@id":"https:\/\/kubicpanama.com\/#website"},"datePublished":"2024-11-14T16:57:07+00:00","dateModified":"2025-03-06T16:54:16+00:00","breadcrumb":{"@id":"https:\/\/kubicpanama.com\/servicios\/asesoria\/#breadcrumb"},"inLanguage":"es","potentialAction":[{"@type":"ReadAction","target":["https:\/\/kubicpanama.com\/servicios\/asesoria\/"]}]},{"@type":"BreadcrumbList","@id":"https:\/\/kubicpanama.com\/servicios\/asesoria\/#breadcrumb","itemListElement":[{"@type":"ListItem","position":1,"name":"Portada","item":"https:\/\/kubicpanama.com\/"},{"@type":"ListItem","position":2,"name":"Servicios","item":"https:\/\/kubicpanama.com\/servicios\/"},{"@type":"ListItem","position":3,"name":"Asesor\u00eda"}]},{"@type":"WebSite","@id":"https:\/\/kubicpanama.com\/#website","url":"https:\/\/kubicpanama.com\/","name":"Kubic","description":"","potentialAction":[{"@type":"SearchAction","target":{"@type":"EntryPoint","urlTemplate":"https:\/\/kubicpanama.com\/?s={search_term_string}"},"query-input":{"@type":"PropertyValueSpecification","valueRequired":true,"valueName":"search_term_string"}}],"inLanguage":"es"}]}},"_links":{"self":[{"href":"https:\/\/kubicpanama.com\/wp-json\/wp\/v2\/pages\/1855","targetHints":{"allow":["GET"]}}],"collection":[{"href":"https:\/\/kubicpanama.com\/wp-json\/wp\/v2\/pages"}],"about":[{"href":"https:\/\/kubicpanama.com\/wp-json\/wp\/v2\/types\/page"}],"author":[{"embeddable":true,"href":"https:\/\/kubicpanama.com\/wp-json\/wp\/v2\/users\/5"}],"replies":[{"embeddable":true,"href":"https:\/\/kubicpanama.com\/wp-json\/wp\/v2\/comments?post=1855"}],"version-history":[{"count":3,"href":"https:\/\/kubicpanama.com\/wp-json\/wp\/v2\/pages\/1855\/revisions"}],"predecessor-version":[{"id":2120,"href":"https:\/\/kubicpanama.com\/wp-json\/wp\/v2\/pages\/1855\/revisions\/2120"}],"up":[{"embeddable":true,"href":"https:\/\/kubicpanama.com\/wp-json\/wp\/v2\/pages\/1791"}],"wp:attachment":[{"href":"https:\/\/kubicpanama.com\/wp-json\/wp\/v2\/media?parent=1855"}],"curies":[{"name":"wp","href":"https:\/\/api.w.org\/{rel}","templated":true}]}}