{"id":1791,"date":"2024-11-13T21:53:37","date_gmt":"2024-11-13T21:53:37","guid":{"rendered":"https:\/\/kubicpanama.com\/?page_id=1791"},"modified":"2025-02-05T20:01:37","modified_gmt":"2025-02-05T20:01:37","slug":"servicios","status":"publish","type":"page","link":"https:\/\/kubicpanama.com\/servicios\/","title":{"rendered":"Servicios"},"content":{"rendered":"<div class=\"wpb-content-wrapper\"><p>[vc_row gap=\u00bb30&#8243; equal_height=\u00bbyes\u00bb type=\u00bbvc_default\u00bb css=\u00bb.vc_custom_1731525610887{padding-top: 70px !important;padding-right: 25px !important;padding-bottom: 40px !important;padding-left: 25px !important;}\u00bb][vc_column width=\u00bb1\/2&#8243; css=\u00bb.vc_custom_1578745201435{padding-top: 0px !important;padding-right: 0px !important;padding-bottom: 0px !important;padding-left: 0px !important;background-color: rgba(0,0,0,0.04) !important;*background-color: rgb(0,0,0) !important;}\u00bb]<style type=\"text\/css\" data-type=\"the7_shortcodes-inline-css\">.shortcode-single-image-wrap.shortcode-single-image-4a26fc394894949598a43aa6ac77bb27.enable-bg-rollover .rollover i,\n.shortcode-single-image-wrap.shortcode-single-image-4a26fc394894949598a43aa6ac77bb27.enable-bg-rollover .rollover-video i {\n  background: -webkit-linear-gradient();\n  background: linear-gradient();\n}\n.shortcode-single-image-wrap.shortcode-single-image-4a26fc394894949598a43aa6ac77bb27 .rollover-icon {\n  font-size: 32px;\n  color: #ffffff;\n  min-width: 44px;\n  min-height: 44px;\n  line-height: 44px;\n  border-radius: 100px;\n  border-style: solid;\n  border-width: 0px;\n}\n.dt-icon-bg-on.shortcode-single-image-wrap.shortcode-single-image-4a26fc394894949598a43aa6ac77bb27 .rollover-icon {\n  background: rgba(255,255,255,0.3);\n  box-shadow: none;\n}\n<\/style><div class=\"shortcode-single-image-wrap shortcode-single-image-4a26fc394894949598a43aa6ac77bb27 alignnone  enable-bg-rollover dt-icon-bg-off\" style=\"margin-top:0px; margin-bottom:0px; margin-left:0px; margin-right:0px; width:900px;\"><div class=\"shortcode-single-image\"><div class=\"fancy-media-wrap  layzr-bg\" style=\"\"><img fetchpriority=\"high\" decoding=\"async\" class=\"preload-me lazy-load aspect\" src=\"data:image\/svg+xml,%3Csvg%20xmlns%3D&#39;http%3A%2F%2Fwww.w3.org%2F2000%2Fsvg&#39;%20viewBox%3D&#39;0%200%20900%20600&#39;%2F%3E\" data-src=\"https:\/\/kubicpanama.com\/wp-content\/uploads\/2025\/02\/imagenes-servicios-mantenimiento.png\" data-srcset=\"https:\/\/kubicpanama.com\/wp-content\/uploads\/2025\/02\/imagenes-servicios-mantenimiento.png 900w\" loading=\"eager\" sizes=\"(max-width: 900px) 100vw, 900px\" width=\"900\" height=\"600\"  data-dt-location=\"https:\/\/kubicpanama.com\/servicios\/imagenes-servicios-mantenimiento\/\" style=\"--ratio: 900 \/ 600;\" alt=\"\" \/><\/div><\/div><\/div>[vc_row_inner css=\u00bb.vc_custom_1495105364136{padding-top: 30px !important;padding-right: 30px !important;padding-bottom: 40px !important;padding-left: 30px !important;}\u00bb][vc_column_inner][vc_column_text css=\u00bb.vc_custom_1738335058699{padding-bottom: 10px !important;}\u00bb]<\/p>\n<h3>Mantenimiento<\/h3>\n<p><span style=\"font-weight: 400;\">Un mantenimiento peri\u00f3dico a tus equipos permitir\u00e1 identificar y solucionar problemas antes de que se conviertan en fallas cr\u00edticas. Nuestros t\u00e9cnicos calificados se encargar\u00e1n de mantener las operaciones de tu negocio.<\/span>[\/vc_column_text]<style type=\"text\/css\" data-type=\"the7_shortcodes-inline-css\">#default-btn-8d14543cc8bc517f453dfb5e835cb60a.ico-right-side > i {\n  margin-right: 0px;\n  margin-left: 8px;\n}\n#default-btn-8d14543cc8bc517f453dfb5e835cb60a > i {\n  margin-right: 8px;\n}\n<\/style><a href=\"https:\/\/kubicpanama.com\/index.php\/servicios\/mantenimiento-preventivo-y-correctivo\/\" class=\"default-btn-shortcode dt-btn dt-btn-m link-hover-off btn-inline-left \" id=\"default-btn-8d14543cc8bc517f453dfb5e835cb60a\" title=\"Sistemas de almacenamiento\"><span>CONOCE M\u00c1S<\/span><\/a>[\/vc_column_inner][\/vc_row_inner][\/vc_column][vc_column width=\u00bb1\/2&#8243; css=\u00bb.vc_custom_1578745232578{padding-top: 0px !important;padding-right: 0px !important;padding-bottom: 0px !important;padding-left: 0px !important;background-color: rgba(0,0,0,0.04) !important;*background-color: rgb(0,0,0) !important;}\u00bb]<style type=\"text\/css\" data-type=\"the7_shortcodes-inline-css\">.shortcode-single-image-wrap.shortcode-single-image-a90141a1a96432232153b96324634146.enable-bg-rollover .rollover i,\n.shortcode-single-image-wrap.shortcode-single-image-a90141a1a96432232153b96324634146.enable-bg-rollover .rollover-video i {\n  background: -webkit-linear-gradient();\n  background: linear-gradient();\n}\n.shortcode-single-image-wrap.shortcode-single-image-a90141a1a96432232153b96324634146 .rollover-icon {\n  font-size: 32px;\n  color: #ffffff;\n  min-width: 44px;\n  min-height: 44px;\n  line-height: 44px;\n  border-radius: 100px;\n  border-style: solid;\n  border-width: 0px;\n}\n.dt-icon-bg-on.shortcode-single-image-wrap.shortcode-single-image-a90141a1a96432232153b96324634146 .rollover-icon {\n  background: rgba(255,255,255,0.3);\n  box-shadow: none;\n}\n<\/style><div class=\"shortcode-single-image-wrap shortcode-single-image-a90141a1a96432232153b96324634146 alignnone  enable-bg-rollover dt-icon-bg-off\" style=\"margin-top:0px; margin-bottom:0px; margin-left:0px; margin-right:0px; width:900px;\"><div class=\"shortcode-single-image\"><div class=\"fancy-media-wrap  layzr-bg\" style=\"\"><img decoding=\"async\" class=\"preload-me lazy-load aspect\" src=\"data:image\/svg+xml,%3Csvg%20xmlns%3D&#39;http%3A%2F%2Fwww.w3.org%2F2000%2Fsvg&#39;%20viewBox%3D&#39;0%200%20900%20600&#39;%2F%3E\" data-src=\"https:\/\/kubicpanama.com\/wp-content\/uploads\/2025\/02\/imagenes-servicios-post-venta.png\" data-srcset=\"https:\/\/kubicpanama.com\/wp-content\/uploads\/2025\/02\/imagenes-servicios-post-venta.png 900w\" loading=\"eager\" sizes=\"(max-width: 900px) 100vw, 900px\" width=\"900\" height=\"600\"  data-dt-location=\"https:\/\/kubicpanama.com\/servicios\/imagenes-servicios-post-venta\/\" style=\"--ratio: 900 \/ 600;\" alt=\"\" \/><\/div><\/div><\/div>[vc_row_inner css=\u00bb.vc_custom_1495105364136{padding-top: 30px !important;padding-right: 30px !important;padding-bottom: 40px !important;padding-left: 30px !important;}\u00bb][vc_column_inner][vc_column_text css=\u00bb.vc_custom_1738335088548{padding-bottom: 10px !important;}\u00bb]<\/p>\n<h3>Post-venta<\/h3>\n<p><span style=\"font-weight: 400;\">Contamos con un amplio stock de refacciones para dar una soluci\u00f3n de manera inmediata a tus equipos y mantener la operatividad de tu negocio.<\/span>[\/vc_column_text]<style type=\"text\/css\" data-type=\"the7_shortcodes-inline-css\">#default-btn-a29261a19f761f655ea2425aa6566c03.ico-right-side > i {\n  margin-right: 0px;\n  margin-left: 8px;\n}\n#default-btn-a29261a19f761f655ea2425aa6566c03 > i {\n  margin-right: 8px;\n}\n<\/style><a href=\"https:\/\/kubicpanama.com\/index.php\/servicios\/postventa\/\" class=\"default-btn-shortcode dt-btn dt-btn-m link-hover-off btn-inline-left \" id=\"default-btn-a29261a19f761f655ea2425aa6566c03\" title=\"Plataformas niveladoras\"><span>CONOCE M\u00c1S<\/span><\/a>[\/vc_column_inner][\/vc_row_inner][\/vc_column][vc_column width=\u00bb1\/2&#8243; css=\u00bb.vc_custom_1578745346381{padding-top: 0px !important;padding-right: 0px !important;padding-bottom: 0px !important;padding-left: 0px !important;background-color: rgba(0,0,0,0.04) !important;*background-color: rgb(0,0,0) !important;}\u00bb]<style type=\"text\/css\" data-type=\"the7_shortcodes-inline-css\">.shortcode-single-image-wrap.shortcode-single-image-6b02668bf9de47f7d084f76f79c9a734.enable-bg-rollover .rollover i,\n.shortcode-single-image-wrap.shortcode-single-image-6b02668bf9de47f7d084f76f79c9a734.enable-bg-rollover .rollover-video i {\n  background: -webkit-linear-gradient();\n  background: linear-gradient();\n}\n.shortcode-single-image-wrap.shortcode-single-image-6b02668bf9de47f7d084f76f79c9a734 .rollover-icon {\n  font-size: 32px;\n  color: #ffffff;\n  min-width: 44px;\n  min-height: 44px;\n  line-height: 44px;\n  border-radius: 100px;\n  border-style: solid;\n  border-width: 0px;\n}\n.dt-icon-bg-on.shortcode-single-image-wrap.shortcode-single-image-6b02668bf9de47f7d084f76f79c9a734 .rollover-icon {\n  background: rgba(255,255,255,0.3);\n  box-shadow: none;\n}\n<\/style><div class=\"shortcode-single-image-wrap shortcode-single-image-6b02668bf9de47f7d084f76f79c9a734 alignnone  enable-bg-rollover dt-icon-bg-off\" style=\"margin-top:0px; margin-bottom:0px; margin-left:0px; margin-right:0px; width:900px;\"><div class=\"shortcode-single-image\"><div class=\"fancy-media-wrap  layzr-bg\" style=\"\"><img decoding=\"async\" class=\"preload-me lazy-load aspect\" src=\"data:image\/svg+xml,%3Csvg%20xmlns%3D&#39;http%3A%2F%2Fwww.w3.org%2F2000%2Fsvg&#39;%20viewBox%3D&#39;0%200%20900%20600&#39;%2F%3E\" data-src=\"https:\/\/kubicpanama.com\/wp-content\/uploads\/2025\/02\/imagenes-servicios-asesoria.png\" data-srcset=\"https:\/\/kubicpanama.com\/wp-content\/uploads\/2025\/02\/imagenes-servicios-asesoria.png 900w\" loading=\"eager\" sizes=\"(max-width: 900px) 100vw, 900px\" width=\"900\" height=\"600\"  data-dt-location=\"https:\/\/kubicpanama.com\/servicios\/imagenes-servicios-asesoria\/\" style=\"--ratio: 900 \/ 600;\" alt=\"\" \/><\/div><\/div><\/div>[vc_row_inner css=\u00bb.vc_custom_1495105364136{padding-top: 30px !important;padding-right: 30px !important;padding-bottom: 40px !important;padding-left: 30px !important;}\u00bb][vc_column_inner][vc_column_text css=\u00bb.vc_custom_1738335109871{padding-bottom: 10px !important;}\u00bb]<\/p>\n<h3>Asesor\u00eda<\/h3>\n<p><span style=\"font-weight: 400;\">No importa si es un proyecto nuevo, ampliaci\u00f3n o sustituci\u00f3n de equipos, nuestro equipo t\u00e9cnico te ayudar\u00e1 para encontrar las soluciones log\u00edsticas que buscas en tu negocio.<\/span>[\/vc_column_text]<style type=\"text\/css\" data-type=\"the7_shortcodes-inline-css\">#default-btn-f9e223d9889a9e8e32e031517e0f5c25.ico-right-side > i {\n  margin-right: 0px;\n  margin-left: 8px;\n}\n#default-btn-f9e223d9889a9e8e32e031517e0f5c25 > i {\n  margin-right: 8px;\n}\n<\/style><a href=\"https:\/\/kubicpanama.com\/index.php\/servicios\/asesoria\/\" class=\"default-btn-shortcode dt-btn dt-btn-m link-hover-off btn-inline-left \" id=\"default-btn-f9e223d9889a9e8e32e031517e0f5c25\" title=\"Plataformas niveladoras\"><span>CONOCE M\u00c1S<\/span><\/a>[\/vc_column_inner][\/vc_row_inner][\/vc_column][\/vc_row]<\/p>\n<\/div>","protected":false},"excerpt":{"rendered":"<p>[vc_row gap=\u00bb30&#8243; equal_height=\u00bbyes\u00bb type=\u00bbvc_default\u00bb css=\u00bb.vc_custom_1731525610887{padding-top: 70px !important;padding-right: 25px !important;padding-bottom: 40px !important;padding-left: 25px !important;}\u00bb][vc_column width=\u00bb1\/2&#8243; css=\u00bb.vc_custom_1578745201435{padding-top: 0px !important;padding-right: 0px !important;padding-bottom: 0px !important;padding-left: 0px !important;background-color: rgba(0,0,0,0.04) !important;*background-color: rgb(0,0,0) !important;}\u00bb][vc_row_inner css=\u00bb.vc_custom_1495105364136{padding-top: 30px !important;padding-right: 30px !important;padding-bottom: 40px !important;padding-left: 30px !important;}\u00bb][vc_column_inner][vc_column_text css=\u00bb.vc_custom_1738335058699{padding-bottom: 10px !important;}\u00bb] Mantenimiento Un mantenimiento peri\u00f3dico a tus equipos permitir\u00e1 identificar y solucionar problemas antes de que se&hellip;<\/p>\n","protected":false},"author":5,"featured_media":0,"parent":0,"menu_order":2,"comment_status":"closed","ping_status":"closed","template":"","meta":{"_joinchat":[],"footnotes":""},"class_list":["post-1791","page","type-page","status-publish","hentry","description-off"],"yoast_head":"<!-- This site is optimized with the Yoast SEO plugin v27.5 - https:\/\/yoast.com\/product\/yoast-seo-wordpress\/ -->\n<title>Servicios - Kubic<\/title>\n<meta name=\"robots\" content=\"index, follow, max-snippet:-1, max-image-preview:large, max-video-preview:-1\" \/>\n<link rel=\"canonical\" href=\"https:\/\/kubicpanama.com\/servicios\/\" \/>\n<meta property=\"og:locale\" content=\"es_ES\" \/>\n<meta property=\"og:type\" content=\"article\" \/>\n<meta property=\"og:title\" content=\"Servicios - Kubic\" \/>\n<meta property=\"og:description\" content=\"[vc_row gap=\u00bb30&#8243; equal_height=\u00bbyes\u00bb type=\u00bbvc_default\u00bb css=\u00bb.vc_custom_1731525610887{padding-top: 70px !important;padding-right: 25px !important;padding-bottom: 40px !important;padding-left: 25px !important;}\u00bb][vc_column width=\u00bb1\/2&#8243; css=\u00bb.vc_custom_1578745201435{padding-top: 0px !important;padding-right: 0px !important;padding-bottom: 0px !important;padding-left: 0px !important;background-color: rgba(0,0,0,0.04) !important;*background-color: rgb(0,0,0) !important;}\u00bb][vc_row_inner css=\u00bb.vc_custom_1495105364136{padding-top: 30px !important;padding-right: 30px !important;padding-bottom: 40px !important;padding-left: 30px !important;}\u00bb][vc_column_inner][vc_column_text css=\u00bb.vc_custom_1738335058699{padding-bottom: 10px !important;}\u00bb] Mantenimiento Un mantenimiento peri\u00f3dico a tus equipos permitir\u00e1 identificar y solucionar problemas antes de que se&hellip;\" \/>\n<meta property=\"og:url\" content=\"https:\/\/kubicpanama.com\/servicios\/\" \/>\n<meta property=\"og:site_name\" content=\"Kubic\" \/>\n<meta property=\"article:modified_time\" content=\"2025-02-05T20:01:37+00:00\" \/>\n<meta name=\"twitter:card\" content=\"summary_large_image\" \/>\n<meta name=\"twitter:label1\" content=\"Tiempo estimado de lectura\" \/>\n\t<meta name=\"twitter:data1\" content=\"2 minutos\" \/>\n<script type=\"application\/ld+json\" class=\"yoast-schema-graph\">{\"@context\":\"https:\\\/\\\/schema.org\",\"@graph\":[{\"@type\":\"WebPage\",\"@id\":\"https:\\\/\\\/kubicpanama.com\\\/servicios\\\/\",\"url\":\"https:\\\/\\\/kubicpanama.com\\\/servicios\\\/\",\"name\":\"Servicios - Kubic\",\"isPartOf\":{\"@id\":\"https:\\\/\\\/kubicpanama.com\\\/#website\"},\"datePublished\":\"2024-11-13T21:53:37+00:00\",\"dateModified\":\"2025-02-05T20:01:37+00:00\",\"breadcrumb\":{\"@id\":\"https:\\\/\\\/kubicpanama.com\\\/servicios\\\/#breadcrumb\"},\"inLanguage\":\"es\",\"potentialAction\":[{\"@type\":\"ReadAction\",\"target\":[\"https:\\\/\\\/kubicpanama.com\\\/servicios\\\/\"]}]},{\"@type\":\"BreadcrumbList\",\"@id\":\"https:\\\/\\\/kubicpanama.com\\\/servicios\\\/#breadcrumb\",\"itemListElement\":[{\"@type\":\"ListItem\",\"position\":1,\"name\":\"Portada\",\"item\":\"https:\\\/\\\/kubicpanama.com\\\/\"},{\"@type\":\"ListItem\",\"position\":2,\"name\":\"Servicios\"}]},{\"@type\":\"WebSite\",\"@id\":\"https:\\\/\\\/kubicpanama.com\\\/#website\",\"url\":\"https:\\\/\\\/kubicpanama.com\\\/\",\"name\":\"Kubic\",\"description\":\"\",\"potentialAction\":[{\"@type\":\"SearchAction\",\"target\":{\"@type\":\"EntryPoint\",\"urlTemplate\":\"https:\\\/\\\/kubicpanama.com\\\/?s={search_term_string}\"},\"query-input\":{\"@type\":\"PropertyValueSpecification\",\"valueRequired\":true,\"valueName\":\"search_term_string\"}}],\"inLanguage\":\"es\"}]}<\/script>\n<!-- \/ Yoast SEO plugin. -->","yoast_head_json":{"title":"Servicios - Kubic","robots":{"index":"index","follow":"follow","max-snippet":"max-snippet:-1","max-image-preview":"max-image-preview:large","max-video-preview":"max-video-preview:-1"},"canonical":"https:\/\/kubicpanama.com\/servicios\/","og_locale":"es_ES","og_type":"article","og_title":"Servicios - Kubic","og_description":"[vc_row gap=\u00bb30&#8243; equal_height=\u00bbyes\u00bb type=\u00bbvc_default\u00bb css=\u00bb.vc_custom_1731525610887{padding-top: 70px !important;padding-right: 25px !important;padding-bottom: 40px !important;padding-left: 25px !important;}\u00bb][vc_column width=\u00bb1\/2&#8243; css=\u00bb.vc_custom_1578745201435{padding-top: 0px !important;padding-right: 0px !important;padding-bottom: 0px !important;padding-left: 0px !important;background-color: rgba(0,0,0,0.04) !important;*background-color: rgb(0,0,0) !important;}\u00bb][vc_row_inner css=\u00bb.vc_custom_1495105364136{padding-top: 30px !important;padding-right: 30px !important;padding-bottom: 40px !important;padding-left: 30px !important;}\u00bb][vc_column_inner][vc_column_text css=\u00bb.vc_custom_1738335058699{padding-bottom: 10px !important;}\u00bb] Mantenimiento Un mantenimiento peri\u00f3dico a tus equipos permitir\u00e1 identificar y solucionar problemas antes de que se&hellip;","og_url":"https:\/\/kubicpanama.com\/servicios\/","og_site_name":"Kubic","article_modified_time":"2025-02-05T20:01:37+00:00","twitter_card":"summary_large_image","twitter_misc":{"Tiempo estimado de lectura":"2 minutos"},"schema":{"@context":"https:\/\/schema.org","@graph":[{"@type":"WebPage","@id":"https:\/\/kubicpanama.com\/servicios\/","url":"https:\/\/kubicpanama.com\/servicios\/","name":"Servicios - Kubic","isPartOf":{"@id":"https:\/\/kubicpanama.com\/#website"},"datePublished":"2024-11-13T21:53:37+00:00","dateModified":"2025-02-05T20:01:37+00:00","breadcrumb":{"@id":"https:\/\/kubicpanama.com\/servicios\/#breadcrumb"},"inLanguage":"es","potentialAction":[{"@type":"ReadAction","target":["https:\/\/kubicpanama.com\/servicios\/"]}]},{"@type":"BreadcrumbList","@id":"https:\/\/kubicpanama.com\/servicios\/#breadcrumb","itemListElement":[{"@type":"ListItem","position":1,"name":"Portada","item":"https:\/\/kubicpanama.com\/"},{"@type":"ListItem","position":2,"name":"Servicios"}]},{"@type":"WebSite","@id":"https:\/\/kubicpanama.com\/#website","url":"https:\/\/kubicpanama.com\/","name":"Kubic","description":"","potentialAction":[{"@type":"SearchAction","target":{"@type":"EntryPoint","urlTemplate":"https:\/\/kubicpanama.com\/?s={search_term_string}"},"query-input":{"@type":"PropertyValueSpecification","valueRequired":true,"valueName":"search_term_string"}}],"inLanguage":"es"}]}},"_links":{"self":[{"href":"https:\/\/kubicpanama.com\/wp-json\/wp\/v2\/pages\/1791","targetHints":{"allow":["GET"]}}],"collection":[{"href":"https:\/\/kubicpanama.com\/wp-json\/wp\/v2\/pages"}],"about":[{"href":"https:\/\/kubicpanama.com\/wp-json\/wp\/v2\/types\/page"}],"author":[{"embeddable":true,"href":"https:\/\/kubicpanama.com\/wp-json\/wp\/v2\/users\/5"}],"replies":[{"embeddable":true,"href":"https:\/\/kubicpanama.com\/wp-json\/wp\/v2\/comments?post=1791"}],"version-history":[{"count":10,"href":"https:\/\/kubicpanama.com\/wp-json\/wp\/v2\/pages\/1791\/revisions"}],"predecessor-version":[{"id":2086,"href":"https:\/\/kubicpanama.com\/wp-json\/wp\/v2\/pages\/1791\/revisions\/2086"}],"wp:attachment":[{"href":"https:\/\/kubicpanama.com\/wp-json\/wp\/v2\/media?parent=1791"}],"curies":[{"name":"wp","href":"https:\/\/api.w.org\/{rel}","templated":true}]}}