{"id":1783,"date":"2024-11-13T21:31:58","date_gmt":"2024-11-13T21:31:58","guid":{"rendered":"https:\/\/kubicpanama.com\/?page_id=1783"},"modified":"2025-02-05T19:51:27","modified_gmt":"2025-02-05T19:51:27","slug":"distribucion-almacenaje","status":"publish","type":"page","link":"https:\/\/kubicpanama.com\/index.php\/productos\/distribucion-almacenaje\/","title":{"rendered":"Distribuci\u00f3n y almacenaje"},"content":{"rendered":"<div class=\"wpb-content-wrapper\"><p>[vc_row type=\u00bbvc_default\u00bb css=\u00bb.vc_custom_1474268037787{margin-bottom: -30px !important;padding-bottom: 30px !important;}\u00bb][vc_column offset=\u00bbvc_col-lg-12 vc_col-md-12 vc_col-xs-12&#8243;]<style type=\"text\/css\" data-type=\"the7_shortcodes-inline-css\">.shortcode-single-image-wrap.shortcode-single-image-6a0e6599e279702aa307e46a52fa7b4f.enable-bg-rollover .rollover i,\n.shortcode-single-image-wrap.shortcode-single-image-6a0e6599e279702aa307e46a52fa7b4f.enable-bg-rollover .rollover-video i {\n  background: -webkit-linear-gradient();\n  background: linear-gradient();\n}\n.shortcode-single-image-wrap.shortcode-single-image-6a0e6599e279702aa307e46a52fa7b4f .rollover-icon {\n  font-size: 32px;\n  color: #ffffff;\n  min-width: 44px;\n  min-height: 44px;\n  line-height: 44px;\n  border-radius: 100px;\n  border-style: solid;\n  border-width: 0px;\n}\n.dt-icon-bg-on.shortcode-single-image-wrap.shortcode-single-image-6a0e6599e279702aa307e46a52fa7b4f .rollover-icon {\n  background: rgba(255,255,255,0.3);\n  box-shadow: none;\n}\n<\/style><div class=\"shortcode-single-image-wrap shortcode-single-image-6a0e6599e279702aa307e46a52fa7b4f alignnone  vc_custom_1731533435382 enable-bg-rollover dt-icon-bg-off\" ><div class=\"shortcode-single-image\"><div class=\"fancy-media-wrap  layzr-bg\" style=\"\"><img fetchpriority=\"high\" decoding=\"async\" class=\"preload-me lazy-load aspect\" src=\"data:image\/svg+xml,%3Csvg%20xmlns%3D&#39;http%3A%2F%2Fwww.w3.org%2F2000%2Fsvg&#39;%20viewBox%3D&#39;0%200%20900%20450&#39;%2F%3E\" data-src=\"https:\/\/kubicpanama.com\/wp-content\/uploads\/2024\/11\/DISTRIBUCION-06-900x450.png\" data-srcset=\"https:\/\/kubicpanama.com\/wp-content\/uploads\/2024\/11\/DISTRIBUCION-06-900x450.png 900w\" loading=\"eager\" sizes=\"(max-width: 900px) 100vw, 900px\" width=\"900\" height=\"450\"  data-dt-location=\"https:\/\/kubicpanama.com\/index.php\/home\/distribucion-06\/\" style=\"--ratio: 900 \/ 450;\" alt=\"\" \/><\/div><\/div><\/div><div id=\"ultimate-heading-70669e268bfa9a35\" class=\"uvc-heading ult-adjust-bottom-margin ultimate-heading-70669e268bfa9a35 uvc-2182 accent-border-color\" data-hspacer=\"line_only\"  data-halign=\"left\" style=\"text-align:left\"><div class=\"uvc-main-heading ult-responsive\"  data-ultimate-target='.uvc-heading.ultimate-heading-70669e268bfa9a35 h2'  data-responsive-json-new='{\"font-size\":\"desktop:26px;\",\"line-height\":\"desktop:36px;\"}' ><h2 style=\"font-weight:bold;\">Equipos para distribuci\u00f3n<\/h2><\/div><div class=\"uvc-heading-spacer line_only\" style=\"margin-top:15px;margin-bottom:30px;height:4px;\"><span class=\"uvc-headings-line\" style=\"border-style:solid;border-bottom-width:4px;border-color:;width:50px;\"><\/span><\/div><\/div>[vc_column_text css=\u00bb.vc_custom_1738334933760{padding-bottom: 10px !important;}\u00bb]<span style=\"font-weight: 400;\">Ofrecemos una amplia de soluciones de transporte para el traslado de tu mercanc\u00eda ya sea esta seca o refrigerada y eficientar la log\u00edstica de transporte de acuerdo a tus necesidades<\/span>[\/vc_column_text][\/vc_column][\/vc_row][vc_row type=\u00bbvc_default\u00bb css=\u00bb.vc_custom_1731526974255{margin-bottom: -30px !important;padding-bottom: 30px !important;}\u00bb][vc_column width=\u00bb1\/3&#8243;]<div id=\"ultimate-heading-253769e268bfa9a7e\" class=\"uvc-heading ult-adjust-bottom-margin ultimate-heading-253769e268bfa9a7e uvc-6261 accent-border-color\" data-hspacer=\"no_spacer\"  data-halign=\"left\" style=\"text-align:left\"><div class=\"uvc-heading-spacer no_spacer\" style=\"top\"><\/div><div class=\"uvc-main-heading ult-responsive\"  data-ultimate-target='.uvc-heading.ultimate-heading-253769e268bfa9a7e h2'  data-responsive-json-new='{\"font-size\":\"desktop:20px;\",\"line-height\":\"desktop:36px;\"}' ><h2 style=\"font-weight:bold;margin-top:40px;margin-bottom:20px;\">Distribuci\u00f3n<\/h2><\/div><div class=\"uvc-sub-heading ult-responsive\"  data-ultimate-target='.uvc-heading.ultimate-heading-253769e268bfa9a7e .uvc-sub-heading '  data-responsive-json-new='{\"font-size\":\"\",\"line-height\":\"\"}'  style=\"font-weight:normal;\">Ofrecemos semirremolques y soluciones de transporte de alta calidad. Nuestra extensa gama de productos, que incluye semirremolques frigor\u00edficos, basculantes, furgones, cisternas y m\u00e1s, est\u00e1 dise\u00f1ada para adaptarse a diversas industrias, como log\u00edstica, construcci\u00f3n, alimentaci\u00f3n y transporte de mercanc\u00edas generales, garantizando siempre durabilidad, eficiencia y seguridad.<\/div><\/div><style type=\"text\/css\" data-type=\"the7_shortcodes-inline-css\">.shortcode-single-image-wrap.shortcode-single-image-aa3ef60f0b8225c74b48dd431d09ab33.enable-bg-rollover .rollover i,\n.shortcode-single-image-wrap.shortcode-single-image-aa3ef60f0b8225c74b48dd431d09ab33.enable-bg-rollover .rollover-video i {\n  background: -webkit-linear-gradient();\n  background: linear-gradient();\n}\n.shortcode-single-image-wrap.shortcode-single-image-aa3ef60f0b8225c74b48dd431d09ab33 .rollover-icon {\n  font-size: 32px;\n  color: #ffffff;\n  min-width: 44px;\n  min-height: 44px;\n  line-height: 44px;\n  border-radius: 100px;\n  border-style: solid;\n  border-width: 0px;\n}\n.dt-icon-bg-on.shortcode-single-image-wrap.shortcode-single-image-aa3ef60f0b8225c74b48dd431d09ab33 .rollover-icon {\n  background: rgba(255,255,255,0.3);\n  box-shadow: none;\n}\n<\/style><div class=\"shortcode-single-image-wrap shortcode-single-image-aa3ef60f0b8225c74b48dd431d09ab33 alignleft  vc_custom_1738785085840 enable-bg-rollover dt-icon-bg-off\" ><div class=\"shortcode-single-image\"><div class=\"fancy-media-wrap  layzr-bg\" style=\"\"><img decoding=\"async\" class=\"preload-me lazy-load aspect\" src=\"data:image\/svg+xml,%3Csvg%20xmlns%3D&#39;http%3A%2F%2Fwww.w3.org%2F2000%2Fsvg&#39;%20viewBox%3D&#39;0%200%20200%20150&#39;%2F%3E\" data-src=\"https:\/\/kubicpanama.com\/wp-content\/uploads\/2025\/02\/imagenes-equipos-de-distribucion-nueva-distribucion.png\" data-srcset=\"https:\/\/kubicpanama.com\/wp-content\/uploads\/2025\/02\/imagenes-equipos-de-distribucion-nueva-distribucion.png 200w\" loading=\"eager\" sizes=\"(max-width: 200px) 100vw, 200px\" width=\"200\" height=\"150\"  data-dt-location=\"https:\/\/kubicpanama.com\/index.php\/productos\/distribucion-almacenaje\/imagenes-equipos-de-distribucion-nueva-distribucion\/\" style=\"--ratio: 200 \/ 150;\" alt=\"\" \/><\/div><\/div><\/div>[\/vc_column][vc_column width=\u00bb1\/3&#8243;]<div id=\"ultimate-heading-377269e268bfa9e66\" class=\"uvc-heading ult-adjust-bottom-margin ultimate-heading-377269e268bfa9e66 uvc-7302 accent-border-color\" data-hspacer=\"no_spacer\"  data-halign=\"left\" style=\"text-align:left\"><div class=\"uvc-heading-spacer no_spacer\" style=\"top\"><\/div><div class=\"uvc-main-heading ult-responsive\"  data-ultimate-target='.uvc-heading.ultimate-heading-377269e268bfa9e66 h2'  data-responsive-json-new='{\"font-size\":\"desktop:20px;\",\"line-height\":\"desktop:36px;\"}' ><h2 style=\"font-weight:bold;margin-top:40px;margin-bottom:20px;\">Almacenaje y carga<\/h2><\/div><div class=\"uvc-sub-heading ult-responsive\"  data-ultimate-target='.uvc-heading.ultimate-heading-377269e268bfa9e66 .uvc-sub-heading '  data-responsive-json-new='{\"font-size\":\"\",\"line-height\":\"\"}'  style=\"font-weight:normal;\">Ofrecemos una gama de servicios que aprovechan al m\u00e1ximo las ventajas de la zona franca, dise\u00f1ados para mejorar la eficiencia operativa de nuestros clientes. Nos encargamos de todos los procesos de importaci\u00f3n y reexportaci\u00f3n, garantizando el cumplimiento de los requisitos aduaneros de manera eficiente y a los menores costos posibles. Esto asegura que su mercanc\u00eda llegue a su destino final de forma r\u00e1pida y sin complicaciones.<\/div><\/div><style type=\"text\/css\" data-type=\"the7_shortcodes-inline-css\">.shortcode-single-image-wrap.shortcode-single-image-94fceb84bcb5a655556d7fdb07576429.enable-bg-rollover .rollover i,\n.shortcode-single-image-wrap.shortcode-single-image-94fceb84bcb5a655556d7fdb07576429.enable-bg-rollover .rollover-video i {\n  background: -webkit-linear-gradient();\n  background: linear-gradient();\n}\n.shortcode-single-image-wrap.shortcode-single-image-94fceb84bcb5a655556d7fdb07576429 .rollover-icon {\n  font-size: 32px;\n  color: #ffffff;\n  min-width: 44px;\n  min-height: 44px;\n  line-height: 44px;\n  border-radius: 100px;\n  border-style: solid;\n  border-width: 0px;\n}\n.dt-icon-bg-on.shortcode-single-image-wrap.shortcode-single-image-94fceb84bcb5a655556d7fdb07576429 .rollover-icon {\n  background: rgba(255,255,255,0.3);\n  box-shadow: none;\n}\n<\/style><div class=\"shortcode-single-image-wrap shortcode-single-image-94fceb84bcb5a655556d7fdb07576429 alignleft  vc_custom_1738785028778 enable-bg-rollover dt-icon-bg-off\" ><div class=\"shortcode-single-image\"><div class=\"fancy-media-wrap  layzr-bg\" style=\"\"><img decoding=\"async\" class=\"preload-me lazy-load aspect\" src=\"data:image\/svg+xml,%3Csvg%20xmlns%3D&#39;http%3A%2F%2Fwww.w3.org%2F2000%2Fsvg&#39;%20viewBox%3D&#39;0%200%20200%20150&#39;%2F%3E\" data-src=\"https:\/\/kubicpanama.com\/wp-content\/uploads\/2025\/02\/imagenes-equipos-de-distribucion-nueva-almacenaje.png\" data-srcset=\"https:\/\/kubicpanama.com\/wp-content\/uploads\/2025\/02\/imagenes-equipos-de-distribucion-nueva-almacenaje.png 200w\" loading=\"eager\" sizes=\"(max-width: 200px) 100vw, 200px\" width=\"200\" height=\"150\"  data-dt-location=\"https:\/\/kubicpanama.com\/index.php\/productos\/distribucion-almacenaje\/imagenes-equipos-de-distribucion-nueva-almacenaje\/\" style=\"--ratio: 200 \/ 150;\" alt=\"\" \/><\/div><\/div><\/div>[\/vc_column][\/vc_row][vc_row type=\u00bbvc_default\u00bb css=\u00bb.vc_custom_1474268037787{margin-bottom: -30px !important;padding-bottom: 30px !important;}\u00bb][vc_column offset=\u00bbvc_col-lg-12 vc_col-md-12 vc_col-xs-12&#8243;]<style type=\"text\/css\" data-type=\"the7_shortcodes-inline-css\">#default-btn-07a95931e0a43a5fbed30f3030221905.ico-right-side > i {\n  margin-right: 0px;\n  margin-left: 8px;\n}\n#default-btn-07a95931e0a43a5fbed30f3030221905 > i {\n  margin-right: 8px;\n}\n<\/style><a href=\"https:\/\/kubicpanama.com\/index.php\/contacto\/\" class=\"default-btn-shortcode dt-btn dt-btn-m link-hover-off btn-inline-left  vc_custom_1732044897096\" id=\"default-btn-07a95931e0a43a5fbed30f3030221905\" title=\"Contacto\"><span>SOLICITA UNA COTIZACI\u00d3N<\/span><\/a>[\/vc_column][\/vc_row]<\/p>\n<\/div>","protected":false},"excerpt":{"rendered":"<p>[vc_row type=\u00bbvc_default\u00bb css=\u00bb.vc_custom_1474268037787{margin-bottom: -30px !important;padding-bottom: 30px !important;}\u00bb][vc_column offset=\u00bbvc_col-lg-12 vc_col-md-12 vc_col-xs-12&#8243;][vc_column_text css=\u00bb.vc_custom_1738334933760{padding-bottom: 10px !important;}\u00bb]Ofrecemos una amplia de soluciones de transporte para el traslado de tu mercanc\u00eda ya sea esta seca o refrigerada y eficientar la log\u00edstica de transporte de acuerdo a tus necesidades[\/vc_column_text][\/vc_column][\/vc_row][vc_row type=\u00bbvc_default\u00bb css=\u00bb.vc_custom_1731526974255{margin-bottom: -30px !important;padding-bottom: 30px !important;}\u00bb][vc_column width=\u00bb1\/3&#8243;][\/vc_column][vc_column width=\u00bb1\/3&#8243;][\/vc_column][\/vc_row][vc_row type=\u00bbvc_default\u00bb css=\u00bb.vc_custom_1474268037787{margin-bottom: -30px !important;padding-bottom: 30px&hellip;<\/p>\n","protected":false},"author":5,"featured_media":0,"parent":27,"menu_order":0,"comment_status":"closed","ping_status":"closed","template":"","meta":{"_joinchat":[],"footnotes":""},"class_list":["post-1783","page","type-page","status-publish","hentry","description-off"],"yoast_head":"<!-- This site is optimized with the Yoast SEO plugin v27.2 - https:\/\/yoast.com\/product\/yoast-seo-wordpress\/ -->\n<title>Distribuci\u00f3n y almacenaje - Kubic<\/title>\n<meta name=\"robots\" content=\"index, follow, max-snippet:-1, max-image-preview:large, max-video-preview:-1\" \/>\n<link rel=\"canonical\" href=\"https:\/\/kubicpanama.com\/index.php\/productos\/distribucion-almacenaje\/\" \/>\n<meta property=\"og:locale\" content=\"es_ES\" \/>\n<meta property=\"og:type\" content=\"article\" \/>\n<meta property=\"og:title\" content=\"Distribuci\u00f3n y almacenaje - Kubic\" \/>\n<meta property=\"og:description\" content=\"[vc_row type=\u00bbvc_default\u00bb css=\u00bb.vc_custom_1474268037787{margin-bottom: -30px !important;padding-bottom: 30px !important;}\u00bb][vc_column offset=\u00bbvc_col-lg-12 vc_col-md-12 vc_col-xs-12&#8243;][vc_column_text css=\u00bb.vc_custom_1738334933760{padding-bottom: 10px !important;}\u00bb]Ofrecemos una amplia de soluciones de transporte para el traslado de tu mercanc\u00eda ya sea esta seca o refrigerada y eficientar la log\u00edstica de transporte de acuerdo a tus necesidades[\/vc_column_text][\/vc_column][\/vc_row][vc_row type=\u00bbvc_default\u00bb css=\u00bb.vc_custom_1731526974255{margin-bottom: -30px !important;padding-bottom: 30px !important;}\u00bb][vc_column width=\u00bb1\/3&#8243;][\/vc_column][vc_column width=\u00bb1\/3&#8243;][\/vc_column][\/vc_row][vc_row type=\u00bbvc_default\u00bb css=\u00bb.vc_custom_1474268037787{margin-bottom: -30px !important;padding-bottom: 30px&hellip;\" \/>\n<meta property=\"og:url\" content=\"https:\/\/kubicpanama.com\/index.php\/productos\/distribucion-almacenaje\/\" \/>\n<meta property=\"og:site_name\" content=\"Kubic\" \/>\n<meta property=\"article:modified_time\" content=\"2025-02-05T19:51:27+00:00\" \/>\n<meta name=\"twitter:card\" content=\"summary_large_image\" \/>\n<meta name=\"twitter:label1\" content=\"Tiempo estimado de lectura\" \/>\n\t<meta name=\"twitter:data1\" content=\"2 minutos\" \/>\n<script type=\"application\/ld+json\" class=\"yoast-schema-graph\">{\"@context\":\"https:\/\/schema.org\",\"@graph\":[{\"@type\":\"WebPage\",\"@id\":\"https:\/\/kubicpanama.com\/index.php\/productos\/distribucion-almacenaje\/\",\"url\":\"https:\/\/kubicpanama.com\/index.php\/productos\/distribucion-almacenaje\/\",\"name\":\"Distribuci\u00f3n y almacenaje - Kubic\",\"isPartOf\":{\"@id\":\"https:\/\/kubicpanama.com\/#website\"},\"datePublished\":\"2024-11-13T21:31:58+00:00\",\"dateModified\":\"2025-02-05T19:51:27+00:00\",\"breadcrumb\":{\"@id\":\"https:\/\/kubicpanama.com\/index.php\/productos\/distribucion-almacenaje\/#breadcrumb\"},\"inLanguage\":\"es\",\"potentialAction\":[{\"@type\":\"ReadAction\",\"target\":[\"https:\/\/kubicpanama.com\/index.php\/productos\/distribucion-almacenaje\/\"]}]},{\"@type\":\"BreadcrumbList\",\"@id\":\"https:\/\/kubicpanama.com\/index.php\/productos\/distribucion-almacenaje\/#breadcrumb\",\"itemListElement\":[{\"@type\":\"ListItem\",\"position\":1,\"name\":\"Portada\",\"item\":\"https:\/\/kubicpanama.com\/\"},{\"@type\":\"ListItem\",\"position\":2,\"name\":\"Productos\",\"item\":\"https:\/\/kubicpanama.com\/index.php\/productos\/\"},{\"@type\":\"ListItem\",\"position\":3,\"name\":\"Distribuci\u00f3n y almacenaje\"}]},{\"@type\":\"WebSite\",\"@id\":\"https:\/\/kubicpanama.com\/#website\",\"url\":\"https:\/\/kubicpanama.com\/\",\"name\":\"Kubic\",\"description\":\"\",\"potentialAction\":[{\"@type\":\"SearchAction\",\"target\":{\"@type\":\"EntryPoint\",\"urlTemplate\":\"https:\/\/kubicpanama.com\/?s={search_term_string}\"},\"query-input\":{\"@type\":\"PropertyValueSpecification\",\"valueRequired\":true,\"valueName\":\"search_term_string\"}}],\"inLanguage\":\"es\"}]}<\/script>\n<!-- \/ Yoast SEO plugin. -->","yoast_head_json":{"title":"Distribuci\u00f3n y almacenaje - Kubic","robots":{"index":"index","follow":"follow","max-snippet":"max-snippet:-1","max-image-preview":"max-image-preview:large","max-video-preview":"max-video-preview:-1"},"canonical":"https:\/\/kubicpanama.com\/index.php\/productos\/distribucion-almacenaje\/","og_locale":"es_ES","og_type":"article","og_title":"Distribuci\u00f3n y almacenaje - Kubic","og_description":"[vc_row type=\u00bbvc_default\u00bb css=\u00bb.vc_custom_1474268037787{margin-bottom: -30px !important;padding-bottom: 30px !important;}\u00bb][vc_column offset=\u00bbvc_col-lg-12 vc_col-md-12 vc_col-xs-12&#8243;][vc_column_text css=\u00bb.vc_custom_1738334933760{padding-bottom: 10px !important;}\u00bb]Ofrecemos una amplia de soluciones de transporte para el traslado de tu mercanc\u00eda ya sea esta seca o refrigerada y eficientar la log\u00edstica de transporte de acuerdo a tus necesidades[\/vc_column_text][\/vc_column][\/vc_row][vc_row type=\u00bbvc_default\u00bb css=\u00bb.vc_custom_1731526974255{margin-bottom: -30px !important;padding-bottom: 30px !important;}\u00bb][vc_column width=\u00bb1\/3&#8243;][\/vc_column][vc_column width=\u00bb1\/3&#8243;][\/vc_column][\/vc_row][vc_row type=\u00bbvc_default\u00bb css=\u00bb.vc_custom_1474268037787{margin-bottom: -30px !important;padding-bottom: 30px&hellip;","og_url":"https:\/\/kubicpanama.com\/index.php\/productos\/distribucion-almacenaje\/","og_site_name":"Kubic","article_modified_time":"2025-02-05T19:51:27+00:00","twitter_card":"summary_large_image","twitter_misc":{"Tiempo estimado de lectura":"2 minutos"},"schema":{"@context":"https:\/\/schema.org","@graph":[{"@type":"WebPage","@id":"https:\/\/kubicpanama.com\/index.php\/productos\/distribucion-almacenaje\/","url":"https:\/\/kubicpanama.com\/index.php\/productos\/distribucion-almacenaje\/","name":"Distribuci\u00f3n y almacenaje - Kubic","isPartOf":{"@id":"https:\/\/kubicpanama.com\/#website"},"datePublished":"2024-11-13T21:31:58+00:00","dateModified":"2025-02-05T19:51:27+00:00","breadcrumb":{"@id":"https:\/\/kubicpanama.com\/index.php\/productos\/distribucion-almacenaje\/#breadcrumb"},"inLanguage":"es","potentialAction":[{"@type":"ReadAction","target":["https:\/\/kubicpanama.com\/index.php\/productos\/distribucion-almacenaje\/"]}]},{"@type":"BreadcrumbList","@id":"https:\/\/kubicpanama.com\/index.php\/productos\/distribucion-almacenaje\/#breadcrumb","itemListElement":[{"@type":"ListItem","position":1,"name":"Portada","item":"https:\/\/kubicpanama.com\/"},{"@type":"ListItem","position":2,"name":"Productos","item":"https:\/\/kubicpanama.com\/index.php\/productos\/"},{"@type":"ListItem","position":3,"name":"Distribuci\u00f3n y almacenaje"}]},{"@type":"WebSite","@id":"https:\/\/kubicpanama.com\/#website","url":"https:\/\/kubicpanama.com\/","name":"Kubic","description":"","potentialAction":[{"@type":"SearchAction","target":{"@type":"EntryPoint","urlTemplate":"https:\/\/kubicpanama.com\/?s={search_term_string}"},"query-input":{"@type":"PropertyValueSpecification","valueRequired":true,"valueName":"search_term_string"}}],"inLanguage":"es"}]}},"_links":{"self":[{"href":"https:\/\/kubicpanama.com\/index.php\/wp-json\/wp\/v2\/pages\/1783","targetHints":{"allow":["GET"]}}],"collection":[{"href":"https:\/\/kubicpanama.com\/index.php\/wp-json\/wp\/v2\/pages"}],"about":[{"href":"https:\/\/kubicpanama.com\/index.php\/wp-json\/wp\/v2\/types\/page"}],"author":[{"embeddable":true,"href":"https:\/\/kubicpanama.com\/index.php\/wp-json\/wp\/v2\/users\/5"}],"replies":[{"embeddable":true,"href":"https:\/\/kubicpanama.com\/index.php\/wp-json\/wp\/v2\/comments?post=1783"}],"version-history":[{"count":10,"href":"https:\/\/kubicpanama.com\/index.php\/wp-json\/wp\/v2\/pages\/1783\/revisions"}],"predecessor-version":[{"id":2082,"href":"https:\/\/kubicpanama.com\/index.php\/wp-json\/wp\/v2\/pages\/1783\/revisions\/2082"}],"up":[{"embeddable":true,"href":"https:\/\/kubicpanama.com\/index.php\/wp-json\/wp\/v2\/pages\/27"}],"wp:attachment":[{"href":"https:\/\/kubicpanama.com\/index.php\/wp-json\/wp\/v2\/media?parent=1783"}],"curies":[{"name":"wp","href":"https:\/\/api.w.org\/{rel}","templated":true}]}}