{"id":1722,"date":"2024-11-13T20:00:28","date_gmt":"2024-11-13T20:00:28","guid":{"rendered":"https:\/\/kubicpanama.com\/?page_id=1722"},"modified":"2025-03-17T19:37:54","modified_gmt":"2025-03-17T19:37:54","slug":"puertas-industriales","status":"publish","type":"page","link":"https:\/\/kubicpanama.com\/index.php\/productos\/puertas-industriales\/","title":{"rendered":"Puertas industriales"},"content":{"rendered":"<div class=\"wpb-content-wrapper\"><p>[vc_row type=\u00bbvc_default\u00bb css=\u00bb.vc_custom_1474268037787{margin-bottom: -30px !important;padding-bottom: 30px !important;}\u00bb][vc_column offset=\u00bbvc_col-lg-12 vc_col-md-12 vc_col-xs-12&#8243;]<style type=\"text\/css\" data-type=\"the7_shortcodes-inline-css\">.shortcode-single-image-wrap.shortcode-single-image-ddb65459b526f0e253752e855cf1c74e.enable-bg-rollover .rollover i,\n.shortcode-single-image-wrap.shortcode-single-image-ddb65459b526f0e253752e855cf1c74e.enable-bg-rollover .rollover-video i {\n  background: -webkit-linear-gradient();\n  background: linear-gradient();\n}\n.shortcode-single-image-wrap.shortcode-single-image-ddb65459b526f0e253752e855cf1c74e .rollover-icon {\n  font-size: 32px;\n  color: #ffffff;\n  min-width: 44px;\n  min-height: 44px;\n  line-height: 44px;\n  border-radius: 100px;\n  border-style: solid;\n  border-width: 0px;\n}\n.dt-icon-bg-on.shortcode-single-image-wrap.shortcode-single-image-ddb65459b526f0e253752e855cf1c74e .rollover-icon {\n  background: rgba(255,255,255,0.3);\n  box-shadow: none;\n}\n<\/style><div class=\"shortcode-single-image-wrap shortcode-single-image-ddb65459b526f0e253752e855cf1c74e alignnone  vc_custom_1741199737004 enable-bg-rollover dt-icon-bg-off\" ><div class=\"shortcode-single-image\"><div class=\"fancy-media-wrap  layzr-bg\" style=\"\"><img fetchpriority=\"high\" decoding=\"async\" class=\"preload-me lazy-load aspect\" src=\"data:image\/svg+xml,%3Csvg%20xmlns%3D&#39;http%3A%2F%2Fwww.w3.org%2F2000%2Fsvg&#39;%20viewBox%3D&#39;0%200%201000%20500&#39;%2F%3E\" data-src=\"https:\/\/kubicpanama.com\/wp-content\/uploads\/2025\/03\/portada-producto-1-1000x500.jpg\" data-srcset=\"https:\/\/kubicpanama.com\/wp-content\/uploads\/2025\/03\/portada-producto-1-1000x500.jpg 1000w, https:\/\/kubicpanama.com\/wp-content\/uploads\/2025\/03\/portada-producto-1-2000x1000.jpg 2000w\" loading=\"eager\" sizes=\"(max-width: 1000px) 100vw, 1000px\" width=\"1000\" height=\"500\"  data-dt-location=\"https:\/\/kubicpanama.com\/index.php\/productos\/puertas-industriales\/portada-producto-1\/\" style=\"--ratio: 1000 \/ 500;\" alt=\"\" \/><\/div><\/div><\/div><div id=\"ultimate-heading-676269ea490fccfe9\" class=\"uvc-heading ult-adjust-bottom-margin ultimate-heading-676269ea490fccfe9 uvc-2134 accent-border-color\" data-hspacer=\"line_only\"  data-halign=\"left\" style=\"text-align:left\"><div class=\"uvc-main-heading ult-responsive\"  data-ultimate-target='.uvc-heading.ultimate-heading-676269ea490fccfe9 h2'  data-responsive-json-new='{\"font-size\":\"desktop:26px;\",\"line-height\":\"desktop:36px;\"}' ><h2 style=\"font-weight:bold;\">Puertas industriales<\/h2><\/div><div class=\"uvc-heading-spacer line_only\" style=\"margin-top:15px;margin-bottom:30px;height:4px;\"><span class=\"uvc-headings-line\" style=\"border-style:solid;border-bottom-width:4px;border-color:;width:50px;\"><\/span><\/div><\/div>[vc_column_text css=\u00bb.vc_custom_1731528288269{padding-bottom: 10px !important;}\u00bb]Las puertas industriales son estructuras robustas y funcionales, dise\u00f1adas para soportar las exigencias de entornos industriales y comerciales, como f\u00e1bricas, almacenes, centros log\u00edsticos y cuartos fr\u00edos. Su prop\u00f3sito principal es optimizar el flujo de trabajo, garantizar la seguridad y cumplir con los est\u00e1ndares de aislamiento, resistencia al fuego o control de temperatura seg\u00fan las necesidades de cada industria.[\/vc_column_text][\/vc_column][\/vc_row][vc_row type=\u00bbvc_default\u00bb css=\u00bb.vc_custom_1731526974255{margin-bottom: -30px !important;padding-bottom: 30px !important;}\u00bb][vc_column width=\u00bb1\/3&#8243;]<div id=\"ultimate-heading-14569ea490fcd025\" class=\"uvc-heading ult-adjust-bottom-margin ultimate-heading-14569ea490fcd025 uvc-139 accent-border-color\" data-hspacer=\"no_spacer\"  data-halign=\"left\" style=\"text-align:left\"><div class=\"uvc-heading-spacer no_spacer\" style=\"top\"><\/div><div class=\"uvc-main-heading ult-responsive\"  data-ultimate-target='.uvc-heading.ultimate-heading-14569ea490fcd025 h2'  data-responsive-json-new='{\"font-size\":\"desktop:20px;\",\"line-height\":\"desktop:36px;\"}' ><h2 style=\"font-weight:bold;margin-top:40px;margin-bottom:20px;\">Puertas seccionales<\/h2><\/div><div class=\"uvc-sub-heading ult-responsive\"  data-ultimate-target='.uvc-heading.ultimate-heading-14569ea490fcd025 .uvc-sub-heading '  data-responsive-json-new='{\"font-size\":\"\",\"line-height\":\"\"}'  style=\"font-weight:normal;\"><\/p>\n<div>Compuestas por paneles articulados. Adem\u00e1s ofrecen gran resistencia a condiciones clim\u00e1ticas.<\/div>\n<div><span style=\"color: #ffffff;\">FHJFHKHKHKCGK<\/span><\/div>\n<div><span style=\"color: #ffffff;\">FHKXHKHK<\/span><\/div>\n<div><\/div>\n<div><\/div>\n<div><img loading=\"lazy\" decoding=\"async\" class=\"alignnone size-full wp-image-2041\" src=\"https:\/\/kubicpanama.com\/wp-content\/uploads\/2025\/02\/imagenes-puertas-nuevas-seccionales.png\" alt=\"\" width=\"200\" height=\"150\" \/><\/div>\n<div><\/div>\n<div><\/div>\n<div><\/div>\n<p><\/div><\/div>[\/vc_column][vc_column width=\u00bb1\/3&#8243;]<div id=\"ultimate-heading-245769ea490fcd03e\" class=\"uvc-heading ult-adjust-bottom-margin ultimate-heading-245769ea490fcd03e uvc-8212 accent-border-color\" data-hspacer=\"no_spacer\"  data-halign=\"left\" style=\"text-align:left\"><div class=\"uvc-heading-spacer no_spacer\" style=\"top\"><\/div><div class=\"uvc-main-heading ult-responsive\"  data-ultimate-target='.uvc-heading.ultimate-heading-245769ea490fcd03e h2'  data-responsive-json-new='{\"font-size\":\"desktop:20px;\",\"line-height\":\"desktop:36px;\"}' ><h2 style=\"font-weight:bold;margin-top:40px;margin-bottom:20px;\">Puertas r\u00e1pidas<\/h2><\/div><div class=\"uvc-sub-heading ult-responsive\"  data-ultimate-target='.uvc-heading.ultimate-heading-245769ea490fcd03e .uvc-sub-heading '  data-responsive-json-new='{\"font-size\":\"\",\"line-height\":\"\"}'  style=\"font-weight:normal;\">Dise\u00f1adas para un tr\u00e1nsito fluido en zonas de alta actividad, conserva la temperatura y bloquea contaminantes.<\/p>\n<p>&nbsp;<\/p>\n<p><img loading=\"lazy\" decoding=\"async\" class=\"alignnone size-full wp-image-2042\" src=\"https:\/\/kubicpanama.com\/wp-content\/uploads\/2025\/02\/imagenes-puertas-nuevas-puertas-rapidas.png\" alt=\"\" width=\"200\" height=\"150\" \/><\/div><\/div>[\/vc_column][vc_column width=\u00bb1\/3&#8243;]<div id=\"ultimate-heading-935969ea490fcd053\" class=\"uvc-heading ult-adjust-bottom-margin ultimate-heading-935969ea490fcd053 uvc-3718 accent-border-color\" data-hspacer=\"no_spacer\"  data-halign=\"left\" style=\"text-align:left\"><div class=\"uvc-heading-spacer no_spacer\" style=\"top\"><\/div><div class=\"uvc-main-heading ult-responsive\"  data-ultimate-target='.uvc-heading.ultimate-heading-935969ea490fcd053 h2'  data-responsive-json-new='{\"font-size\":\"desktop:20px;\",\"line-height\":\"desktop:36px;\"}' ><h2 style=\"font-weight:bold;margin-top:40px;margin-bottom:20px;\">Puertas corredizas<\/h2><\/div><div class=\"uvc-sub-heading ult-responsive\"  data-ultimate-target='.uvc-heading.ultimate-heading-935969ea490fcd053 .uvc-sub-heading '  data-responsive-json-new='{\"font-size\":\"\",\"line-height\":\"\"}'  style=\"font-weight:normal;\">Con un dise\u00f1o compacto y resistente, las puertas enrollables, optimizan el espacio y brindan m\u00e1xima seguridad.<\/p>\n<p>&nbsp;<\/p>\n<p><img loading=\"lazy\" decoding=\"async\" class=\"alignnone size-full wp-image-2044\" src=\"https:\/\/kubicpanama.com\/wp-content\/uploads\/2025\/02\/imagenes-puertas-nuevas-corredizas.png\" alt=\"\" width=\"200\" height=\"150\" \/><\/div><\/div>[\/vc_column][\/vc_row][vc_row type=\u00bbvc_default\u00bb css=\u00bb.vc_custom_1731526974255{margin-bottom: -30px !important;padding-bottom: 30px !important;}\u00bb][vc_column width=\u00bb1\/3&#8243;]<div id=\"ultimate-heading-213869ea490fcd065\" class=\"uvc-heading ult-adjust-bottom-margin ultimate-heading-213869ea490fcd065 uvc-7542 accent-border-color\" data-hspacer=\"no_spacer\"  data-halign=\"left\" style=\"text-align:left\"><div class=\"uvc-heading-spacer no_spacer\" style=\"top\"><\/div><div class=\"uvc-main-heading ult-responsive\"  data-ultimate-target='.uvc-heading.ultimate-heading-213869ea490fcd065 h2'  data-responsive-json-new='{\"font-size\":\"desktop:20px;\",\"line-height\":\"desktop:36px;\"}' ><h2 style=\"font-weight:bold;margin-top:40px;margin-bottom:20px;\">Puertas enrollables<\/h2><\/div><div class=\"uvc-sub-heading ult-responsive\"  data-ultimate-target='.uvc-heading.ultimate-heading-213869ea490fcd065 .uvc-sub-heading '  data-responsive-json-new='{\"font-size\":\"\",\"line-height\":\"\"}'  style=\"font-weight:normal;\">Estas puertas, fabricadas con materiales duraderos y de bajo mantenimiento, se enrollan sobre s\u00ed mismas al abrirse. Son ideales para zonas que requieren una mayor seguridad y donde el espacio lateral es reducido, ofreciendo una soluci\u00f3n robusta y eficiente en almacenes y \u00e1reas de carga.<\/div><\/div><style type=\"text\/css\" data-type=\"the7_shortcodes-inline-css\">.shortcode-single-image-wrap.shortcode-single-image-9cd1111b364fd186b76e84b3424ce744.enable-bg-rollover .rollover i,\n.shortcode-single-image-wrap.shortcode-single-image-9cd1111b364fd186b76e84b3424ce744.enable-bg-rollover .rollover-video i {\n  background: -webkit-linear-gradient();\n  background: linear-gradient();\n}\n.shortcode-single-image-wrap.shortcode-single-image-9cd1111b364fd186b76e84b3424ce744 .rollover-icon {\n  font-size: 32px;\n  color: #ffffff;\n  min-width: 44px;\n  min-height: 44px;\n  line-height: 44px;\n  border-radius: 100px;\n  border-style: solid;\n  border-width: 0px;\n}\n.dt-icon-bg-on.shortcode-single-image-wrap.shortcode-single-image-9cd1111b364fd186b76e84b3424ce744 .rollover-icon {\n  background: rgba(255,255,255,0.3);\n  box-shadow: none;\n}\n<\/style><div class=\"shortcode-single-image-wrap shortcode-single-image-9cd1111b364fd186b76e84b3424ce744 alignleft  vc_custom_1738782661442 enable-bg-rollover dt-icon-bg-off\" ><div class=\"shortcode-single-image\"><div class=\"fancy-media-wrap  layzr-bg\" style=\"\"><img decoding=\"async\" class=\"preload-me lazy-load aspect\" src=\"data:image\/svg+xml,%3Csvg%20xmlns%3D&#39;http%3A%2F%2Fwww.w3.org%2F2000%2Fsvg&#39;%20viewBox%3D&#39;0%200%20200%20150&#39;%2F%3E\" data-src=\"https:\/\/kubicpanama.com\/wp-content\/uploads\/2025\/02\/imagenes-puertas-nuevas-enrollables.png\" data-srcset=\"https:\/\/kubicpanama.com\/wp-content\/uploads\/2025\/02\/imagenes-puertas-nuevas-enrollables.png 200w\" loading=\"eager\" sizes=\"(max-width: 200px) 100vw, 200px\" width=\"200\" height=\"150\"  data-dt-location=\"https:\/\/kubicpanama.com\/index.php\/productos\/puertas-industriales\/imagenes-puertas-nuevas-enrollables\/\" style=\"--ratio: 200 \/ 150;\" alt=\"\" \/><\/div><\/div><\/div>[\/vc_column][vc_column width=\u00bb1\/3&#8243;]<div id=\"ultimate-heading-511869ea490fcd34e\" class=\"uvc-heading ult-adjust-bottom-margin ultimate-heading-511869ea490fcd34e uvc-6 accent-border-color\" data-hspacer=\"no_spacer\"  data-halign=\"left\" style=\"text-align:left\"><div class=\"uvc-heading-spacer no_spacer\" style=\"top\"><\/div><div class=\"uvc-main-heading ult-responsive\"  data-ultimate-target='.uvc-heading.ultimate-heading-511869ea490fcd34e h2'  data-responsive-json-new='{\"font-size\":\"desktop:20px;\",\"line-height\":\"desktop:36px;\"}' ><h2 style=\"font-weight:bold;margin-top:40px;margin-bottom:20px;\">Puertas cortafuego<\/h2><\/div><div class=\"uvc-sub-heading ult-responsive\"  data-ultimate-target='.uvc-heading.ultimate-heading-511869ea490fcd34e .uvc-sub-heading '  data-responsive-json-new='{\"font-size\":\"\",\"line-height\":\"\"}'  style=\"font-weight:normal;\">Construidas con materiales resistentes al fuego, estas puertas est\u00e1n dise\u00f1adas para evitar la propagaci\u00f3n de incendios y proteger \u00e1reas cr\u00edticas. Su instalaci\u00f3n es obligatoria en muchas instalaciones industriales y residenciales.<\/div><\/div><style type=\"text\/css\" data-type=\"the7_shortcodes-inline-css\">.shortcode-single-image-wrap.shortcode-single-image-6cdc316920d2b6d233a1eec10439de6a.enable-bg-rollover .rollover i,\n.shortcode-single-image-wrap.shortcode-single-image-6cdc316920d2b6d233a1eec10439de6a.enable-bg-rollover .rollover-video i {\n  background: -webkit-linear-gradient();\n  background: linear-gradient();\n}\n.shortcode-single-image-wrap.shortcode-single-image-6cdc316920d2b6d233a1eec10439de6a .rollover-icon {\n  font-size: 32px;\n  color: #ffffff;\n  min-width: 44px;\n  min-height: 44px;\n  line-height: 44px;\n  border-radius: 100px;\n  border-style: solid;\n  border-width: 0px;\n}\n.dt-icon-bg-on.shortcode-single-image-wrap.shortcode-single-image-6cdc316920d2b6d233a1eec10439de6a .rollover-icon {\n  background: rgba(255,255,255,0.3);\n  box-shadow: none;\n}\n<\/style><div class=\"shortcode-single-image-wrap shortcode-single-image-6cdc316920d2b6d233a1eec10439de6a alignleft  vc_custom_1738783150442 enable-bg-rollover dt-icon-bg-off\" ><div class=\"shortcode-single-image\"><div class=\"fancy-media-wrap  layzr-bg\" style=\"\"><img decoding=\"async\" class=\"preload-me lazy-load aspect\" src=\"data:image\/svg+xml,%3Csvg%20xmlns%3D&#39;http%3A%2F%2Fwww.w3.org%2F2000%2Fsvg&#39;%20viewBox%3D&#39;0%200%20200%20150&#39;%2F%3E\" data-src=\"https:\/\/kubicpanama.com\/wp-content\/uploads\/2025\/02\/imagenes-puertas-nuevas-cortafuego.png\" data-srcset=\"https:\/\/kubicpanama.com\/wp-content\/uploads\/2025\/02\/imagenes-puertas-nuevas-cortafuego.png 200w\" loading=\"eager\" sizes=\"(max-width: 200px) 100vw, 200px\" width=\"200\" height=\"150\"  data-dt-location=\"https:\/\/kubicpanama.com\/index.php\/productos\/puertas-industriales\/imagenes-puertas-nuevas-cortafuego\/\" style=\"--ratio: 200 \/ 150;\" alt=\"\" \/><\/div><\/div><\/div>[\/vc_column][\/vc_row][vc_row type=\u00bbvc_default\u00bb css=\u00bb.vc_custom_1474268037787{margin-bottom: -30px !important;padding-bottom: 30px !important;}\u00bb][vc_column offset=\u00bbvc_col-lg-12 vc_col-md-12 vc_col-xs-12&#8243;]<style type=\"text\/css\" data-type=\"the7_shortcodes-inline-css\">#default-btn-be6a41c0cb910862f74205afcecce904.ico-right-side > i {\n  margin-right: 0px;\n  margin-left: 8px;\n}\n#default-btn-be6a41c0cb910862f74205afcecce904 > i {\n  margin-right: 8px;\n}\n<\/style><a href=\"https:\/\/kubicpanama.com\/index.php\/contacto\/\" class=\"default-btn-shortcode dt-btn dt-btn-m link-hover-off btn-inline-left  vc_custom_1731526323614\" id=\"default-btn-be6a41c0cb910862f74205afcecce904\" title=\"Contacto\"><span>SOLICITA UNA COTIZACI\u00d3N<\/span><\/a>[\/vc_column][\/vc_row]<\/p>\n<\/div>","protected":false},"excerpt":{"rendered":"<p>[vc_row type=\u00bbvc_default\u00bb css=\u00bb.vc_custom_1474268037787{margin-bottom: -30px !important;padding-bottom: 30px !important;}\u00bb][vc_column offset=\u00bbvc_col-lg-12 vc_col-md-12 vc_col-xs-12&#8243;][vc_column_text css=\u00bb.vc_custom_1731528288269{padding-bottom: 10px !important;}\u00bb]Las puertas industriales son estructuras robustas y funcionales, dise\u00f1adas para soportar las exigencias de entornos industriales y comerciales, como f\u00e1bricas, almacenes, centros log\u00edsticos y cuartos fr\u00edos. Su prop\u00f3sito principal es optimizar el flujo de trabajo, garantizar la seguridad y cumplir con los est\u00e1ndares&hellip;<\/p>\n","protected":false},"author":5,"featured_media":0,"parent":27,"menu_order":0,"comment_status":"closed","ping_status":"closed","template":"","meta":{"_joinchat":[],"footnotes":""},"class_list":["post-1722","page","type-page","status-publish","hentry","description-off"],"yoast_head":"<!-- This site is optimized with the Yoast SEO plugin v27.2 - https:\/\/yoast.com\/product\/yoast-seo-wordpress\/ -->\n<title>Puertas industriales - Kubic<\/title>\n<meta name=\"robots\" content=\"index, follow, max-snippet:-1, max-image-preview:large, max-video-preview:-1\" \/>\n<link rel=\"canonical\" href=\"https:\/\/kubicpanama.com\/index.php\/productos\/puertas-industriales\/\" \/>\n<meta property=\"og:locale\" content=\"es_ES\" \/>\n<meta property=\"og:type\" content=\"article\" \/>\n<meta property=\"og:title\" content=\"Puertas industriales - Kubic\" \/>\n<meta property=\"og:description\" content=\"[vc_row type=\u00bbvc_default\u00bb css=\u00bb.vc_custom_1474268037787{margin-bottom: -30px !important;padding-bottom: 30px !important;}\u00bb][vc_column offset=\u00bbvc_col-lg-12 vc_col-md-12 vc_col-xs-12&#8243;][vc_column_text css=\u00bb.vc_custom_1731528288269{padding-bottom: 10px !important;}\u00bb]Las puertas industriales son estructuras robustas y funcionales, dise\u00f1adas para soportar las exigencias de entornos industriales y comerciales, como f\u00e1bricas, almacenes, centros log\u00edsticos y cuartos fr\u00edos. Su prop\u00f3sito principal es optimizar el flujo de trabajo, garantizar la seguridad y cumplir con los est\u00e1ndares&hellip;\" \/>\n<meta property=\"og:url\" content=\"https:\/\/kubicpanama.com\/index.php\/productos\/puertas-industriales\/\" \/>\n<meta property=\"og:site_name\" content=\"Kubic\" \/>\n<meta property=\"article:modified_time\" content=\"2025-03-17T19:37:54+00:00\" \/>\n<meta property=\"og:image\" content=\"https:\/\/kubicpanama.com\/wp-content\/uploads\/2025\/02\/imagenes-puertas-nuevas-seccionales.png\" \/>\n<meta name=\"twitter:card\" content=\"summary_large_image\" \/>\n<meta name=\"twitter:label1\" content=\"Tiempo estimado de lectura\" \/>\n\t<meta name=\"twitter:data1\" content=\"3 minutos\" \/>\n<script type=\"application\/ld+json\" class=\"yoast-schema-graph\">{\"@context\":\"https:\/\/schema.org\",\"@graph\":[{\"@type\":\"WebPage\",\"@id\":\"https:\/\/kubicpanama.com\/index.php\/productos\/puertas-industriales\/\",\"url\":\"https:\/\/kubicpanama.com\/index.php\/productos\/puertas-industriales\/\",\"name\":\"Puertas industriales - Kubic\",\"isPartOf\":{\"@id\":\"https:\/\/kubicpanama.com\/#website\"},\"primaryImageOfPage\":{\"@id\":\"https:\/\/kubicpanama.com\/index.php\/productos\/puertas-industriales\/#primaryimage\"},\"image\":{\"@id\":\"https:\/\/kubicpanama.com\/index.php\/productos\/puertas-industriales\/#primaryimage\"},\"thumbnailUrl\":\"https:\/\/kubicpanama.com\/wp-content\/uploads\/2025\/02\/imagenes-puertas-nuevas-seccionales.png\",\"datePublished\":\"2024-11-13T20:00:28+00:00\",\"dateModified\":\"2025-03-17T19:37:54+00:00\",\"breadcrumb\":{\"@id\":\"https:\/\/kubicpanama.com\/index.php\/productos\/puertas-industriales\/#breadcrumb\"},\"inLanguage\":\"es\",\"potentialAction\":[{\"@type\":\"ReadAction\",\"target\":[\"https:\/\/kubicpanama.com\/index.php\/productos\/puertas-industriales\/\"]}]},{\"@type\":\"ImageObject\",\"inLanguage\":\"es\",\"@id\":\"https:\/\/kubicpanama.com\/index.php\/productos\/puertas-industriales\/#primaryimage\",\"url\":\"https:\/\/kubicpanama.com\/wp-content\/uploads\/2025\/02\/imagenes-puertas-nuevas-seccionales.png\",\"contentUrl\":\"https:\/\/kubicpanama.com\/wp-content\/uploads\/2025\/02\/imagenes-puertas-nuevas-seccionales.png\",\"width\":200,\"height\":150},{\"@type\":\"BreadcrumbList\",\"@id\":\"https:\/\/kubicpanama.com\/index.php\/productos\/puertas-industriales\/#breadcrumb\",\"itemListElement\":[{\"@type\":\"ListItem\",\"position\":1,\"name\":\"Portada\",\"item\":\"https:\/\/kubicpanama.com\/\"},{\"@type\":\"ListItem\",\"position\":2,\"name\":\"Productos\",\"item\":\"https:\/\/kubicpanama.com\/index.php\/productos\/\"},{\"@type\":\"ListItem\",\"position\":3,\"name\":\"Puertas industriales\"}]},{\"@type\":\"WebSite\",\"@id\":\"https:\/\/kubicpanama.com\/#website\",\"url\":\"https:\/\/kubicpanama.com\/\",\"name\":\"Kubic\",\"description\":\"\",\"potentialAction\":[{\"@type\":\"SearchAction\",\"target\":{\"@type\":\"EntryPoint\",\"urlTemplate\":\"https:\/\/kubicpanama.com\/?s={search_term_string}\"},\"query-input\":{\"@type\":\"PropertyValueSpecification\",\"valueRequired\":true,\"valueName\":\"search_term_string\"}}],\"inLanguage\":\"es\"}]}<\/script>\n<!-- \/ Yoast SEO plugin. -->","yoast_head_json":{"title":"Puertas industriales - Kubic","robots":{"index":"index","follow":"follow","max-snippet":"max-snippet:-1","max-image-preview":"max-image-preview:large","max-video-preview":"max-video-preview:-1"},"canonical":"https:\/\/kubicpanama.com\/index.php\/productos\/puertas-industriales\/","og_locale":"es_ES","og_type":"article","og_title":"Puertas industriales - Kubic","og_description":"[vc_row type=\u00bbvc_default\u00bb css=\u00bb.vc_custom_1474268037787{margin-bottom: -30px !important;padding-bottom: 30px !important;}\u00bb][vc_column offset=\u00bbvc_col-lg-12 vc_col-md-12 vc_col-xs-12&#8243;][vc_column_text css=\u00bb.vc_custom_1731528288269{padding-bottom: 10px !important;}\u00bb]Las puertas industriales son estructuras robustas y funcionales, dise\u00f1adas para soportar las exigencias de entornos industriales y comerciales, como f\u00e1bricas, almacenes, centros log\u00edsticos y cuartos fr\u00edos. Su prop\u00f3sito principal es optimizar el flujo de trabajo, garantizar la seguridad y cumplir con los est\u00e1ndares&hellip;","og_url":"https:\/\/kubicpanama.com\/index.php\/productos\/puertas-industriales\/","og_site_name":"Kubic","article_modified_time":"2025-03-17T19:37:54+00:00","og_image":[{"url":"https:\/\/kubicpanama.com\/wp-content\/uploads\/2025\/02\/imagenes-puertas-nuevas-seccionales.png","type":"","width":"","height":""}],"twitter_card":"summary_large_image","twitter_misc":{"Tiempo estimado de lectura":"3 minutos"},"schema":{"@context":"https:\/\/schema.org","@graph":[{"@type":"WebPage","@id":"https:\/\/kubicpanama.com\/index.php\/productos\/puertas-industriales\/","url":"https:\/\/kubicpanama.com\/index.php\/productos\/puertas-industriales\/","name":"Puertas industriales - Kubic","isPartOf":{"@id":"https:\/\/kubicpanama.com\/#website"},"primaryImageOfPage":{"@id":"https:\/\/kubicpanama.com\/index.php\/productos\/puertas-industriales\/#primaryimage"},"image":{"@id":"https:\/\/kubicpanama.com\/index.php\/productos\/puertas-industriales\/#primaryimage"},"thumbnailUrl":"https:\/\/kubicpanama.com\/wp-content\/uploads\/2025\/02\/imagenes-puertas-nuevas-seccionales.png","datePublished":"2024-11-13T20:00:28+00:00","dateModified":"2025-03-17T19:37:54+00:00","breadcrumb":{"@id":"https:\/\/kubicpanama.com\/index.php\/productos\/puertas-industriales\/#breadcrumb"},"inLanguage":"es","potentialAction":[{"@type":"ReadAction","target":["https:\/\/kubicpanama.com\/index.php\/productos\/puertas-industriales\/"]}]},{"@type":"ImageObject","inLanguage":"es","@id":"https:\/\/kubicpanama.com\/index.php\/productos\/puertas-industriales\/#primaryimage","url":"https:\/\/kubicpanama.com\/wp-content\/uploads\/2025\/02\/imagenes-puertas-nuevas-seccionales.png","contentUrl":"https:\/\/kubicpanama.com\/wp-content\/uploads\/2025\/02\/imagenes-puertas-nuevas-seccionales.png","width":200,"height":150},{"@type":"BreadcrumbList","@id":"https:\/\/kubicpanama.com\/index.php\/productos\/puertas-industriales\/#breadcrumb","itemListElement":[{"@type":"ListItem","position":1,"name":"Portada","item":"https:\/\/kubicpanama.com\/"},{"@type":"ListItem","position":2,"name":"Productos","item":"https:\/\/kubicpanama.com\/index.php\/productos\/"},{"@type":"ListItem","position":3,"name":"Puertas industriales"}]},{"@type":"WebSite","@id":"https:\/\/kubicpanama.com\/#website","url":"https:\/\/kubicpanama.com\/","name":"Kubic","description":"","potentialAction":[{"@type":"SearchAction","target":{"@type":"EntryPoint","urlTemplate":"https:\/\/kubicpanama.com\/?s={search_term_string}"},"query-input":{"@type":"PropertyValueSpecification","valueRequired":true,"valueName":"search_term_string"}}],"inLanguage":"es"}]}},"_links":{"self":[{"href":"https:\/\/kubicpanama.com\/index.php\/wp-json\/wp\/v2\/pages\/1722","targetHints":{"allow":["GET"]}}],"collection":[{"href":"https:\/\/kubicpanama.com\/index.php\/wp-json\/wp\/v2\/pages"}],"about":[{"href":"https:\/\/kubicpanama.com\/index.php\/wp-json\/wp\/v2\/types\/page"}],"author":[{"embeddable":true,"href":"https:\/\/kubicpanama.com\/index.php\/wp-json\/wp\/v2\/users\/5"}],"replies":[{"embeddable":true,"href":"https:\/\/kubicpanama.com\/index.php\/wp-json\/wp\/v2\/comments?post=1722"}],"version-history":[{"count":71,"href":"https:\/\/kubicpanama.com\/index.php\/wp-json\/wp\/v2\/pages\/1722\/revisions"}],"predecessor-version":[{"id":2164,"href":"https:\/\/kubicpanama.com\/index.php\/wp-json\/wp\/v2\/pages\/1722\/revisions\/2164"}],"up":[{"embeddable":true,"href":"https:\/\/kubicpanama.com\/index.php\/wp-json\/wp\/v2\/pages\/27"}],"wp:attachment":[{"href":"https:\/\/kubicpanama.com\/index.php\/wp-json\/wp\/v2\/media?parent=1722"}],"curies":[{"name":"wp","href":"https:\/\/api.w.org\/{rel}","templated":true}]}}