{"id":154,"date":"2016-06-23T11:12:53","date_gmt":"2016-06-23T10:12:53","guid":{"rendered":"https:\/\/the7.io\/construction\/?page_id=154"},"modified":"2025-03-06T18:27:18","modified_gmt":"2025-03-06T18:27:18","slug":"nosotros","status":"publish","type":"page","link":"https:\/\/kubicpanama.com\/nosotros\/","title":{"rendered":"Nosotros"},"content":{"rendered":"<div class=\"wpb-content-wrapper\"><p>[vc_row][vc_column]<style type=\"text\/css\" data-type=\"the7_shortcodes-inline-css\">.shortcode-single-image-wrap.shortcode-single-image-99c569518274dbbffc61135f95a6c1e6.enable-bg-rollover .rollover i,\n.shortcode-single-image-wrap.shortcode-single-image-99c569518274dbbffc61135f95a6c1e6.enable-bg-rollover .rollover-video i {\n  background: -webkit-linear-gradient();\n  background: linear-gradient();\n}\n.shortcode-single-image-wrap.shortcode-single-image-99c569518274dbbffc61135f95a6c1e6 .rollover-icon {\n  font-size: 32px;\n  color: #ffffff;\n  min-width: 44px;\n  min-height: 44px;\n  line-height: 44px;\n  border-radius: 100px;\n  border-style: solid;\n  border-width: 0px;\n}\n.dt-icon-bg-on.shortcode-single-image-wrap.shortcode-single-image-99c569518274dbbffc61135f95a6c1e6 .rollover-icon {\n  background: rgba(255,255,255,0.3);\n  box-shadow: none;\n}\n<\/style><div class=\"shortcode-single-image-wrap shortcode-single-image-99c569518274dbbffc61135f95a6c1e6 alignnone  vc_custom_1741285634065 enable-bg-rollover dt-icon-bg-off\" ><div class=\"shortcode-single-image\"><div class=\"fancy-media-wrap  layzr-bg\" style=\"\"><img fetchpriority=\"high\" decoding=\"async\" class=\"preload-me lazy-load aspect\" src=\"data:image\/svg+xml,%3Csvg%20xmlns%3D&#39;http%3A%2F%2Fwww.w3.org%2F2000%2Fsvg&#39;%20viewBox%3D&#39;0%200%201500%20500&#39;%2F%3E\" data-src=\"https:\/\/kubicpanama.com\/wp-content\/uploads\/2025\/03\/proyecto-1500x500.jpg\" data-srcset=\"https:\/\/kubicpanama.com\/wp-content\/uploads\/2025\/03\/proyecto-1500x500.jpg 1500w, https:\/\/kubicpanama.com\/wp-content\/uploads\/2025\/03\/proyecto-2550x850.jpg 2550w\" loading=\"eager\" sizes=\"(max-width: 1500px) 100vw, 1500px\" width=\"1500\" height=\"500\"  data-dt-location=\"https:\/\/kubicpanama.com\/nosotros\/proyecto\/\" style=\"--ratio: 1500 \/ 500;\" alt=\"\" \/><\/div><\/div><\/div><div id=\"ultimate-heading-219569f277dc848d7\" class=\"uvc-heading ult-adjust-bottom-margin ultimate-heading-219569f277dc848d7 uvc-2745 accent-border-color\" data-hspacer=\"line_only\"  data-halign=\"left\" style=\"text-align:left\"><div class=\"uvc-main-heading ult-responsive\"  data-ultimate-target='.uvc-heading.ultimate-heading-219569f277dc848d7 h2'  data-responsive-json-new='{\"font-size\":\"desktop:26px;\",\"line-height\":\"desktop:36px;\"}' ><h2 style=\"font-weight:bold;margin-top:20px;\">Qui\u00e9nes somos<\/h2><\/div><div class=\"uvc-heading-spacer line_only\" style=\"margin-top:15px;margin-bottom:30px;height:4px;\"><span class=\"uvc-headings-line\" style=\"border-style:solid;border-bottom-width:4px;border-color:;width:50px;\"><\/span><\/div><\/div>[vc_column_text css=\u00bb\u00bb]<span style=\"font-weight: 400;\">Con m\u00e1s de quince a\u00f1os de trayectoria, Kubic Panam\u00e1 ha crecido al ritmo del sector log\u00edstico y del mercado industrial, consolid\u00e1ndose como un aliado estrat\u00e9gico para empresas que requieren soluciones especializadas en almacenamiento, manejo de materiales, y acceso seguro. Este crecimiento ha sido posible gracias a un gran equipo altamente capacitados, comprometidos con la excelencia y el servicio al cliente. La trayectoria de Kubic Panam\u00e1 destaca no solo por su capacidad de adaptarse a los desaf\u00edos del mercado, sino tambi\u00e9n por su contribuci\u00f3n al desarrollo del sector log\u00edstico en la regi\u00f3n, manteniendo est\u00e1ndares elevados de calidad y seguridad en cada proyecto. Este enfoque ha posicionado a la empresa como l\u00edder en el mercado paname\u00f1o y un referente para la industria.<\/span>[\/vc_column_text][\/vc_column][\/vc_row][vc_row css=\u00bb.vc_custom_1724184596003{padding-top: 70px !important;padding-bottom: 90px !important;}\u00bb][vc_column width=\u00bb1\/3&#8243;]<div id=\"ultimate-heading-305769f277dc8490e\" class=\"uvc-heading ult-adjust-bottom-margin ultimate-heading-305769f277dc8490e uvc-7546 accent-border-color\" data-hspacer=\"line_only\"  data-halign=\"left\" style=\"text-align:left\"><div class=\"uvc-main-heading ult-responsive\"  data-ultimate-target='.uvc-heading.ultimate-heading-305769f277dc8490e h2'  data-responsive-json-new='{\"font-size\":\"desktop:26px;\",\"line-height\":\"desktop:36px;\"}' ><h2 style=\"font-weight:bold;\">Misi\u00f3n<\/h2><\/div><div class=\"uvc-heading-spacer line_only\" style=\"margin-top:15px;margin-bottom:30px;height:4px;\"><span class=\"uvc-headings-line\" style=\"border-style:solid;border-bottom-width:4px;border-color:;width:50px;\"><\/span><\/div><\/div>[vc_column_text css=\u00bb\u00bb]<span style=\"font-weight: 400;\">\u00a0En Kubic , nos dedicamos a proporcionar soluciones industriales de alta calidad dise\u00f1adas para optimizar las operaciones de nuestros clientes. Nuestro compromiso es ofrecer productos confiables, como estanter\u00edas de carga pesada, puertas seccionales, rampas niveladoras y soluciones integrales, acompa\u00f1ados de un servicio t\u00e9cnico especializado que garantice el funcionamiento continuo y seguro de las instalaciones industriales. Buscamos ser aliados estrat\u00e9gicos en el desarrollo log\u00edstico e industrial de nuestros clientes.<\/span>[\/vc_column_text][\/vc_column][vc_column width=\u00bb1\/3&#8243;]<div id=\"ultimate-heading-407769f277dc84928\" class=\"uvc-heading ult-adjust-bottom-margin ultimate-heading-407769f277dc84928 uvc-6192 accent-border-color\" data-hspacer=\"line_only\"  data-halign=\"left\" style=\"text-align:left\"><div class=\"uvc-main-heading ult-responsive\"  data-ultimate-target='.uvc-heading.ultimate-heading-407769f277dc84928 h2'  data-responsive-json-new='{\"font-size\":\"desktop:26px;\",\"line-height\":\"desktop:36px;\"}' ><h2 style=\"font-weight:bold;\">Visi\u00f3n<\/h2><\/div><div class=\"uvc-heading-spacer line_only\" style=\"margin-top:15px;margin-bottom:30px;height:4px;\"><span class=\"uvc-headings-line\" style=\"border-style:solid;border-bottom-width:4px;border-color:;width:50px;\"><\/span><\/div><\/div>[vc_column_text css=\u00bb\u00bb]<span style=\"font-weight: 400;\">Nos esforzamos por superar las expectativas a trav\u00e9s de productos de calidad y servicios de excelencia, adaptando tecnolog\u00edas avanzadas para garantizar soluciones modernas y eficientes. Creemos en la colaboraci\u00f3n interna y con nuestros clientes para alcanzar objetivos comunes asegur\u00e1ndonos de ofrecer atenci\u00f3n personalizada y soluciones adecuadas a sus necesidades.<\/span>[\/vc_column_text][\/vc_column][vc_column width=\u00bb1\/3&#8243;]<div id=\"ultimate-heading-176469f277dc8493c\" class=\"uvc-heading ult-adjust-bottom-margin ultimate-heading-176469f277dc8493c uvc-9989 accent-border-color\" data-hspacer=\"line_only\"  data-halign=\"left\" style=\"text-align:left\"><div class=\"uvc-main-heading ult-responsive\"  data-ultimate-target='.uvc-heading.ultimate-heading-176469f277dc8493c h2'  data-responsive-json-new='{\"font-size\":\"desktop:26px;\",\"line-height\":\"desktop:36px;\"}' ><h2 style=\"font-weight:bold;\">Nuestra meta<\/h2><\/div><div class=\"uvc-heading-spacer line_only\" style=\"margin-top:15px;margin-bottom:30px;height:4px;\"><span class=\"uvc-headings-line\" style=\"border-style:solid;border-bottom-width:4px;border-color:;width:50px;\"><\/span><\/div><\/div>[vc_column_text css=\u00bb\u00bb]<span style=\"font-weight: 400;\">Ser reconocidos como l\u00edderes en soluciones industriales integrales en Panam\u00e1 y la regi\u00f3n, destac\u00e1ndonos por nuestra innovaci\u00f3n, calidad y compromiso con el desarrollo sostenible. Aspiramos a transformar la industria con productos y servicios que impulsen la eficiencia operativa de nuestros clientes, contribuyendo al crecimiento de sus negocios y al progreso del entorno industrial.<\/span>[\/vc_column_text][\/vc_column][\/vc_row]<\/p>\n<\/div>","protected":false},"excerpt":{"rendered":"<p>[vc_row][vc_column][vc_column_text css=\u00bb\u00bb]Con m\u00e1s de quince a\u00f1os de trayectoria, Kubic Panam\u00e1 ha crecido al ritmo del sector log\u00edstico y del mercado industrial, consolid\u00e1ndose como un aliado estrat\u00e9gico para empresas que requieren soluciones especializadas en almacenamiento, manejo de materiales, y acceso seguro. Este crecimiento ha sido posible gracias a un gran equipo altamente capacitados, comprometidos con la&hellip;<\/p>\n","protected":false},"author":5,"featured_media":0,"parent":0,"menu_order":1,"comment_status":"closed","ping_status":"closed","template":"","meta":{"_joinchat":[],"footnotes":""},"class_list":["post-154","page","type-page","status-publish","hentry","description-off"],"yoast_head":"<!-- This site is optimized with the Yoast SEO plugin v27.5 - https:\/\/yoast.com\/product\/yoast-seo-wordpress\/ -->\n<title>Nosotros - Kubic<\/title>\n<meta name=\"robots\" content=\"index, follow, max-snippet:-1, max-image-preview:large, max-video-preview:-1\" \/>\n<link rel=\"canonical\" href=\"https:\/\/kubicpanama.com\/nosotros\/\" \/>\n<meta property=\"og:locale\" content=\"es_ES\" \/>\n<meta property=\"og:type\" content=\"article\" \/>\n<meta property=\"og:title\" content=\"Nosotros - Kubic\" \/>\n<meta property=\"og:description\" content=\"[vc_row][vc_column][vc_column_text css=\u00bb\u00bb]Con m\u00e1s de quince a\u00f1os de trayectoria, Kubic Panam\u00e1 ha crecido al ritmo del sector log\u00edstico y del mercado industrial, consolid\u00e1ndose como un aliado estrat\u00e9gico para empresas que requieren soluciones especializadas en almacenamiento, manejo de materiales, y acceso seguro. Este crecimiento ha sido posible gracias a un gran equipo altamente capacitados, comprometidos con la&hellip;\" \/>\n<meta property=\"og:url\" content=\"https:\/\/kubicpanama.com\/nosotros\/\" \/>\n<meta property=\"og:site_name\" content=\"Kubic\" \/>\n<meta property=\"article:modified_time\" content=\"2025-03-06T18:27:18+00:00\" \/>\n<meta name=\"twitter:card\" content=\"summary_large_image\" \/>\n<meta name=\"twitter:label1\" content=\"Tiempo estimado de lectura\" \/>\n\t<meta name=\"twitter:data1\" content=\"3 minutos\" \/>\n<script type=\"application\/ld+json\" class=\"yoast-schema-graph\">{\"@context\":\"https:\\\/\\\/schema.org\",\"@graph\":[{\"@type\":\"WebPage\",\"@id\":\"https:\\\/\\\/kubicpanama.com\\\/nosotros\\\/\",\"url\":\"https:\\\/\\\/kubicpanama.com\\\/nosotros\\\/\",\"name\":\"Nosotros - Kubic\",\"isPartOf\":{\"@id\":\"https:\\\/\\\/kubicpanama.com\\\/#website\"},\"datePublished\":\"2016-06-23T10:12:53+00:00\",\"dateModified\":\"2025-03-06T18:27:18+00:00\",\"breadcrumb\":{\"@id\":\"https:\\\/\\\/kubicpanama.com\\\/nosotros\\\/#breadcrumb\"},\"inLanguage\":\"es\",\"potentialAction\":[{\"@type\":\"ReadAction\",\"target\":[\"https:\\\/\\\/kubicpanama.com\\\/nosotros\\\/\"]}]},{\"@type\":\"BreadcrumbList\",\"@id\":\"https:\\\/\\\/kubicpanama.com\\\/nosotros\\\/#breadcrumb\",\"itemListElement\":[{\"@type\":\"ListItem\",\"position\":1,\"name\":\"Portada\",\"item\":\"https:\\\/\\\/kubicpanama.com\\\/\"},{\"@type\":\"ListItem\",\"position\":2,\"name\":\"Nosotros\"}]},{\"@type\":\"WebSite\",\"@id\":\"https:\\\/\\\/kubicpanama.com\\\/#website\",\"url\":\"https:\\\/\\\/kubicpanama.com\\\/\",\"name\":\"Kubic\",\"description\":\"\",\"potentialAction\":[{\"@type\":\"SearchAction\",\"target\":{\"@type\":\"EntryPoint\",\"urlTemplate\":\"https:\\\/\\\/kubicpanama.com\\\/?s={search_term_string}\"},\"query-input\":{\"@type\":\"PropertyValueSpecification\",\"valueRequired\":true,\"valueName\":\"search_term_string\"}}],\"inLanguage\":\"es\"}]}<\/script>\n<!-- \/ Yoast SEO plugin. -->","yoast_head_json":{"title":"Nosotros - Kubic","robots":{"index":"index","follow":"follow","max-snippet":"max-snippet:-1","max-image-preview":"max-image-preview:large","max-video-preview":"max-video-preview:-1"},"canonical":"https:\/\/kubicpanama.com\/nosotros\/","og_locale":"es_ES","og_type":"article","og_title":"Nosotros - Kubic","og_description":"[vc_row][vc_column][vc_column_text css=\u00bb\u00bb]Con m\u00e1s de quince a\u00f1os de trayectoria, Kubic Panam\u00e1 ha crecido al ritmo del sector log\u00edstico y del mercado industrial, consolid\u00e1ndose como un aliado estrat\u00e9gico para empresas que requieren soluciones especializadas en almacenamiento, manejo de materiales, y acceso seguro. Este crecimiento ha sido posible gracias a un gran equipo altamente capacitados, comprometidos con la&hellip;","og_url":"https:\/\/kubicpanama.com\/nosotros\/","og_site_name":"Kubic","article_modified_time":"2025-03-06T18:27:18+00:00","twitter_card":"summary_large_image","twitter_misc":{"Tiempo estimado de lectura":"3 minutos"},"schema":{"@context":"https:\/\/schema.org","@graph":[{"@type":"WebPage","@id":"https:\/\/kubicpanama.com\/nosotros\/","url":"https:\/\/kubicpanama.com\/nosotros\/","name":"Nosotros - Kubic","isPartOf":{"@id":"https:\/\/kubicpanama.com\/#website"},"datePublished":"2016-06-23T10:12:53+00:00","dateModified":"2025-03-06T18:27:18+00:00","breadcrumb":{"@id":"https:\/\/kubicpanama.com\/nosotros\/#breadcrumb"},"inLanguage":"es","potentialAction":[{"@type":"ReadAction","target":["https:\/\/kubicpanama.com\/nosotros\/"]}]},{"@type":"BreadcrumbList","@id":"https:\/\/kubicpanama.com\/nosotros\/#breadcrumb","itemListElement":[{"@type":"ListItem","position":1,"name":"Portada","item":"https:\/\/kubicpanama.com\/"},{"@type":"ListItem","position":2,"name":"Nosotros"}]},{"@type":"WebSite","@id":"https:\/\/kubicpanama.com\/#website","url":"https:\/\/kubicpanama.com\/","name":"Kubic","description":"","potentialAction":[{"@type":"SearchAction","target":{"@type":"EntryPoint","urlTemplate":"https:\/\/kubicpanama.com\/?s={search_term_string}"},"query-input":{"@type":"PropertyValueSpecification","valueRequired":true,"valueName":"search_term_string"}}],"inLanguage":"es"}]}},"_links":{"self":[{"href":"https:\/\/kubicpanama.com\/wp-json\/wp\/v2\/pages\/154","targetHints":{"allow":["GET"]}}],"collection":[{"href":"https:\/\/kubicpanama.com\/wp-json\/wp\/v2\/pages"}],"about":[{"href":"https:\/\/kubicpanama.com\/wp-json\/wp\/v2\/types\/page"}],"author":[{"embeddable":true,"href":"https:\/\/kubicpanama.com\/wp-json\/wp\/v2\/users\/5"}],"replies":[{"embeddable":true,"href":"https:\/\/kubicpanama.com\/wp-json\/wp\/v2\/comments?post=154"}],"version-history":[{"count":28,"href":"https:\/\/kubicpanama.com\/wp-json\/wp\/v2\/pages\/154\/revisions"}],"predecessor-version":[{"id":2124,"href":"https:\/\/kubicpanama.com\/wp-json\/wp\/v2\/pages\/154\/revisions\/2124"}],"wp:attachment":[{"href":"https:\/\/kubicpanama.com\/wp-json\/wp\/v2\/media?parent=154"}],"curies":[{"name":"wp","href":"https:\/\/api.w.org\/{rel}","templated":true}]}}